{"id":2752,"date":"2019-10-29T07:21:01","date_gmt":"2019-10-29T07:21:01","guid":{"rendered":"https:\/\/summit.dk\/produkter\/co-garage-anlaeg\/"},"modified":"2019-10-29T07:21:04","modified_gmt":"2019-10-29T07:21:04","slug":"co-garage-anlaeg","status":"publish","type":"product","link":"https:\/\/summit.dk\/en\/vare\/co-garage-anlaeg\/","title":{"rendered":"CO Garage Anl\u00e6g"},"content":{"rendered":"<p><strong>CO Garage Anl\u00e6g<\/strong><\/p>\n<p>Carbon Monoxide Transmitter &#8211; Series GSTA \u2013 m\u00e5ler gas koncentration I parkeringsk\u00e6ldre, garager, lasteterminaler etc. Carbon monoxide er typisk anvendt som indikator for udst\u00f8dningsgasser. Der kan v\u00e6lges mellem str\u00f8m- eller sp\u00e6ndingsudgang, og kan s\u00e5ledes tilpasses de fleste overv\u00e5gningssystemer.<\/p>\n<p>Field selectable current and voltage outputs allow the transmitter to be used with almost any building management controller. For CO enheder, kan der v\u00e6lges mellem m\u00e5leomr\u00e5de 0 to 200 ppm eller 0 to 500 ppm. Udgangen kan inventeres til 20-4 mA eller 10(5) &#8211; 0 VDC ved at omskifte dip switches.<\/p>\n<p>GSTA sensoren kan justeres I felten ved anvendelse af A-449 remote LCD display. N\u00e5r sensorelementet n\u00e5r enden p\u00e5 levetid, indikeres denne udskiftning p\u00e5 displayet.<\/p>\n","protected":false},"excerpt":{"rendered":"<p>CO Garage Anl\u00e6g Carbon Monoxide Transmitter &#8211; Series GSTA \u2013 m\u00e5ler gas koncentration I parkeringsk\u00e6ldre, garager, lasteterminaler etc. Carbon monoxide er typisk anvendt som indikator for udst\u00f8dningsgasser. Der kan v\u00e6lges&#8230;<\/p>\n","protected":false},"featured_media":133,"template":"","meta":{"_acf_changed":false,"_nectar_blocks_hide_post_title":false,"_nectar_blocks_transparent_header_effect":false,"_nectar_blocks_transparent_header_effect_color":"light","_nectar_blocks_header_animation":false,"_nectar_blocks_header_animation_delay":0,"_nectar_blocks_header_animation_effect":"fade","_nectar_blocks_page_css":"","_nectar_blocks_page_js":""},"brancher":[444,598],"leverandorer":[332],"produkt_kategorier":[416,437,612],"produktomraader":[547,571],"product_brand":[],"product_cat":[],"product_tag":[],"class_list":{"0":"post-2752","1":"product","2":"type-product","3":"status-publish","4":"has-post-thumbnail","6":"brancher-industri-en","7":"brancher-ventilation-en","8":"leverandorer-dwyer-en","9":"produkt_kategorier-air-quality","10":"produkt_kategorier-products-for-ventilation","11":"produkt_kategorier-co-maaling-en","12":"produktomraader-gas-en","13":"produktomraader-co-en","15":"first","16":"instock","17":"shipping-taxable","18":"product-type-simple"},"acf":[],"_links":{"self":[{"href":"https:\/\/summit.dk\/en\/wp-json\/wp\/v2\/product\/2752","targetHints":{"allow":["GET"]}}],"collection":[{"href":"https:\/\/summit.dk\/en\/wp-json\/wp\/v2\/product"}],"about":[{"href":"https:\/\/summit.dk\/en\/wp-json\/wp\/v2\/types\/product"}],"wp:featuredmedia":[{"embeddable":true,"href":"https:\/\/summit.dk\/en\/wp-json\/wp\/v2\/media\/133"}],"wp:attachment":[{"href":"https:\/\/summit.dk\/en\/wp-json\/wp\/v2\/media?parent=2752"}],"wp:term":[{"taxonomy":"brancher","embeddable":true,"href":"https:\/\/summit.dk\/en\/wp-json\/wp\/v2\/brancher?post=2752"},{"taxonomy":"leverandorer","embeddable":true,"href":"https:\/\/summit.dk\/en\/wp-json\/wp\/v2\/leverandorer?post=2752"},{"taxonomy":"produkt_kategorier","embeddable":true,"href":"https:\/\/summit.dk\/en\/wp-json\/wp\/v2\/produkt_kategorier?post=2752"},{"taxonomy":"produktomraader","embeddable":true,"href":"https:\/\/summit.dk\/en\/wp-json\/wp\/v2\/produktomraader?post=2752"},{"taxonomy":"product_brand","embeddable":true,"href":"https:\/\/summit.dk\/en\/wp-json\/wp\/v2\/product_brand?post=2752"},{"taxonomy":"product_cat","embeddable":true,"href":"https:\/\/summit.dk\/en\/wp-json\/wp\/v2\/product_cat?post=2752"},{"taxonomy":"product_tag","embeddable":true,"href":"https:\/\/summit.dk\/en\/wp-json\/wp\/v2\/product_tag?post=2752"}],"curies":[{"name":"wp","href":"https:\/\/api.w.org\/{rel}","templated":true}]}}