{"id":2751,"date":"2019-10-29T07:20:28","date_gmt":"2019-10-29T07:20:28","guid":{"rendered":"https:\/\/summit.dk\/produkter\/captor-flow-switch-til-vand-eller-olie\/"},"modified":"2019-10-29T07:20:30","modified_gmt":"2019-10-29T07:20:30","slug":"captor-flow-switch-til-vand-eller-olie","status":"publish","type":"product","link":"https:\/\/summit.dk\/en\/vare\/captor-flow-switch-til-vand-eller-olie\/","title":{"rendered":"Captor flow switch til vand eller olie"},"content":{"rendered":"<p><strong>Flow switch<\/strong><\/p>\n<p><strong>Captor flow switch til vand eller olie<\/strong><\/p>\n<p>Type 412x.1x er en elektronisk flowswitch til anvendelse i vand- eller oliebaserede medier hvor der \u00f8nskes en alarm for h\u00f8j \/ lavt flow.<\/p>\n<p>Det er muligt at indstille et pr\u00e6cist setpunkt og samtidig m\u00e5le str\u00f8mningshastigheden, selv ved meget lave flow. Op til 100 bars tryk og h\u00f8j n\u00f8jagtighed selv ved lavt flow<\/p>\n<p>&nbsp;<\/p>\n","protected":false},"excerpt":{"rendered":"<p>Flow switch Captor flow switch til vand eller olie Type 412x.1x er en elektronisk flowswitch til anvendelse i vand- eller oliebaserede medier hvor der \u00f8nskes en alarm for h\u00f8j \/&#8230;<\/p>\n","protected":false},"featured_media":3482,"template":"","meta":{"_acf_changed":false,"_nectar_blocks_hide_post_title":false,"_nectar_blocks_transparent_header_effect":false,"_nectar_blocks_transparent_header_effect_color":"light","_nectar_blocks_header_animation":false,"_nectar_blocks_header_animation_delay":0,"_nectar_blocks_header_animation_effect":"fade","_nectar_blocks_page_css":"","_nectar_blocks_page_js":""},"brancher":[443,444,445,446,471,550,551],"leverandorer":[410],"produktomraader":[545,567],"product_brand":[],"product_cat":[],"product_tag":[],"class_list":{"0":"post-2751","1":"product","2":"type-product","3":"status-publish","4":"has-post-thumbnail","6":"brancher-hydraulic-en","7":"brancher-industri-en","8":"brancher-marine-en","9":"brancher-offshore-en","10":"brancher-foodpharma-en","11":"brancher-landbrug-en","12":"brancher-offshore-petro-kemi","13":"leverandorer-weber-captor-en","14":"produktomraader-flow-en","15":"produktomraader-flow-switch-en","17":"first","18":"instock","19":"shipping-taxable","20":"product-type-simple"},"acf":[],"_links":{"self":[{"href":"https:\/\/summit.dk\/en\/wp-json\/wp\/v2\/product\/2751","targetHints":{"allow":["GET"]}}],"collection":[{"href":"https:\/\/summit.dk\/en\/wp-json\/wp\/v2\/product"}],"about":[{"href":"https:\/\/summit.dk\/en\/wp-json\/wp\/v2\/types\/product"}],"wp:featuredmedia":[{"embeddable":true,"href":"https:\/\/summit.dk\/en\/wp-json\/wp\/v2\/media\/3482"}],"wp:attachment":[{"href":"https:\/\/summit.dk\/en\/wp-json\/wp\/v2\/media?parent=2751"}],"wp:term":[{"taxonomy":"brancher","embeddable":true,"href":"https:\/\/summit.dk\/en\/wp-json\/wp\/v2\/brancher?post=2751"},{"taxonomy":"leverandorer","embeddable":true,"href":"https:\/\/summit.dk\/en\/wp-json\/wp\/v2\/leverandorer?post=2751"},{"taxonomy":"produktomraader","embeddable":true,"href":"https:\/\/summit.dk\/en\/wp-json\/wp\/v2\/produktomraader?post=2751"},{"taxonomy":"product_brand","embeddable":true,"href":"https:\/\/summit.dk\/en\/wp-json\/wp\/v2\/product_brand?post=2751"},{"taxonomy":"product_cat","embeddable":true,"href":"https:\/\/summit.dk\/en\/wp-json\/wp\/v2\/product_cat?post=2751"},{"taxonomy":"product_tag","embeddable":true,"href":"https:\/\/summit.dk\/en\/wp-json\/wp\/v2\/product_tag?post=2751"}],"curies":[{"name":"wp","href":"https:\/\/api.w.org\/{rel}","templated":true}]}}