{"id":2750,"date":"2019-10-29T07:20:04","date_gmt":"2019-10-29T07:20:04","guid":{"rendered":"https:\/\/summit.dk\/produkter\/capacitive-niveau-transmitter\/"},"modified":"2019-10-29T07:20:06","modified_gmt":"2019-10-29T07:20:06","slug":"capacitive-niveau-transmitter","status":"publish","type":"product","link":"https:\/\/summit.dk\/en\/vare\/capacitive-niveau-transmitter\/","title":{"rendered":"Capacitive Niveau Transmitter"},"content":{"rendered":"<p><span lang=\"da\">Kapacitive sendere har en 4 til 20 mA -udgang til at kommunikere den m\u00e5lte v\u00e6rdi til en enkelt evaluerings enhed eller til de programmerbare logiske styringer, der bruges i dag i alle moderne produktionsfaciliteter. <\/span><\/p>\n<p><span lang=\"da\">Registreringen af \u200b\u200bniveauet udf\u00f8res ved hj\u00e6lp af en elektrisk kondensator. En \u00e6ndring i kapaciteten forekommer som et resultat af neds\u00e6nkning af sensoren i mediet. <\/span><\/p>\n<p><span lang=\"da\">Dette registreres af elektronikken, og omdannes til det tilsvarende udgangssignal. State-of- the- art-teknologi tillader bogf\u00f8ringen af \u200b\u200bde procesparametre med hj\u00e6lp af &#8221; Teach -In &#8221; funktionen.<\/span><\/p>\n<p><span lang=\"da\"> Niveauv\u00e6rdien kan derfor nemt programmeres ved at trykke p\u00e5 en knap. P\u00e5 kunde\u00f8nske, er der ogs\u00e5 mulighed for at programmere produkterne med faste parametre i fabrikken.<\/span><\/p>\n","protected":false},"excerpt":{"rendered":"<p>Kapacitive sendere har en 4 til 20 mA -udgang til at kommunikere den m\u00e5lte v\u00e6rdi til en enkelt evaluerings enhed eller til de programmerbare logiske styringer, der bruges i dag&#8230;<\/p>\n","protected":false},"featured_media":428,"template":"","meta":{"_acf_changed":false,"_nectar_blocks_hide_post_title":false,"_nectar_blocks_transparent_header_effect":false,"_nectar_blocks_transparent_header_effect_color":"light","_nectar_blocks_header_animation":false,"_nectar_blocks_header_animation_delay":0,"_nectar_blocks_header_animation_effect":"fade","_nectar_blocks_page_css":"","_nectar_blocks_page_js":""},"brancher":[443,444,445,446,471,550,551],"leverandorer":[398],"produkt_kategorier":[601],"produktomraader":[544,582],"product_brand":[],"product_cat":[],"product_tag":[],"class_list":{"0":"post-2750","1":"product","2":"type-product","3":"status-publish","4":"has-post-thumbnail","6":"brancher-hydraulic-en","7":"brancher-industri-en","8":"brancher-marine-en","9":"brancher-offshore-en","10":"brancher-foodpharma-en","11":"brancher-landbrug-en","12":"brancher-offshore-petro-kemi","13":"leverandorer-besta-en","14":"produkt_kategorier-niveau-en","15":"produktomraader-level","16":"produktomraader-niveau-maaling-en","18":"first","19":"instock","20":"shipping-taxable","21":"product-type-simple"},"acf":[],"_links":{"self":[{"href":"https:\/\/summit.dk\/en\/wp-json\/wp\/v2\/product\/2750","targetHints":{"allow":["GET"]}}],"collection":[{"href":"https:\/\/summit.dk\/en\/wp-json\/wp\/v2\/product"}],"about":[{"href":"https:\/\/summit.dk\/en\/wp-json\/wp\/v2\/types\/product"}],"wp:featuredmedia":[{"embeddable":true,"href":"https:\/\/summit.dk\/en\/wp-json\/wp\/v2\/media\/428"}],"wp:attachment":[{"href":"https:\/\/summit.dk\/en\/wp-json\/wp\/v2\/media?parent=2750"}],"wp:term":[{"taxonomy":"brancher","embeddable":true,"href":"https:\/\/summit.dk\/en\/wp-json\/wp\/v2\/brancher?post=2750"},{"taxonomy":"leverandorer","embeddable":true,"href":"https:\/\/summit.dk\/en\/wp-json\/wp\/v2\/leverandorer?post=2750"},{"taxonomy":"produkt_kategorier","embeddable":true,"href":"https:\/\/summit.dk\/en\/wp-json\/wp\/v2\/produkt_kategorier?post=2750"},{"taxonomy":"produktomraader","embeddable":true,"href":"https:\/\/summit.dk\/en\/wp-json\/wp\/v2\/produktomraader?post=2750"},{"taxonomy":"product_brand","embeddable":true,"href":"https:\/\/summit.dk\/en\/wp-json\/wp\/v2\/product_brand?post=2750"},{"taxonomy":"product_cat","embeddable":true,"href":"https:\/\/summit.dk\/en\/wp-json\/wp\/v2\/product_cat?post=2750"},{"taxonomy":"product_tag","embeddable":true,"href":"https:\/\/summit.dk\/en\/wp-json\/wp\/v2\/product_tag?post=2750"}],"curies":[{"name":"wp","href":"https:\/\/api.w.org\/{rel}","templated":true}]}}