{"id":2749,"date":"2019-10-29T07:19:35","date_gmt":"2019-10-29T07:19:35","guid":{"rendered":"https:\/\/summit.dk\/produkter\/besta-niveau-sensor\/"},"modified":"2019-10-29T07:19:36","modified_gmt":"2019-10-29T07:19:36","slug":"besta-niveau-sensor","status":"publish","type":"product","link":"https:\/\/summit.dk\/en\/vare\/besta-niveau-sensor\/","title":{"rendered":"Besta Niveau Sensor"},"content":{"rendered":"<p><span lang=\"da\">BLS Trimod&#8217;Besta Level Sensor er universelt egnet til p\u00e5visning af niveau og et reelt alternativ til stemmegaffel. <\/span><\/p>\n<p><span lang=\"da\">Det fungerer i v\u00e6sker af alle slags, skum, bulkvarer, granulater, selv i v\u00e6sker der er klistret, pastaagtige og uanset deres viskositet. <\/span><\/p>\n<p><span lang=\"da\">On-site kalibrering ikke er n\u00f8dvendig, og den meget pr\u00e6cise F\u00f8ler kan installeres i enhver position. Det har et meget attraktivt, kompakt design og er fuldst\u00e6ndig vedligeholdelsesfrit. Drevet via et M12-stik kommunikerer den sin produktions status gennem en meget synlig bl\u00e5 LED.<\/span><\/p>\n<p>&nbsp;<\/p>\n","protected":false},"excerpt":{"rendered":"<p>BLS Trimod&#8217;Besta Level Sensor er universelt egnet til p\u00e5visning af niveau og et reelt alternativ til stemmegaffel. Det fungerer i v\u00e6sker af alle slags, skum, bulkvarer, granulater, selv i v\u00e6sker&#8230;<\/p>\n","protected":false},"featured_media":420,"template":"","meta":{"_acf_changed":false,"_nectar_blocks_hide_post_title":false,"_nectar_blocks_transparent_header_effect":false,"_nectar_blocks_transparent_header_effect_color":"light","_nectar_blocks_header_animation":false,"_nectar_blocks_header_animation_delay":0,"_nectar_blocks_header_animation_effect":"fade","_nectar_blocks_page_css":"","_nectar_blocks_page_js":""},"brancher":[443,444,445,446,471,550,551],"leverandorer":[398],"produkt_kategorier":[601],"produktomraader":[544,583],"product_brand":[],"product_cat":[],"product_tag":[],"class_list":{"0":"post-2749","1":"product","2":"type-product","3":"status-publish","4":"has-post-thumbnail","6":"brancher-hydraulic-en","7":"brancher-industri-en","8":"brancher-marine-en","9":"brancher-offshore-en","10":"brancher-foodpharma-en","11":"brancher-landbrug-en","12":"brancher-offshore-petro-kemi","13":"leverandorer-besta-en","14":"produkt_kategorier-niveau-en","15":"produktomraader-level","16":"produktomraader-niveau-switch-en","18":"first","19":"instock","20":"shipping-taxable","21":"product-type-simple"},"acf":[],"_links":{"self":[{"href":"https:\/\/summit.dk\/en\/wp-json\/wp\/v2\/product\/2749","targetHints":{"allow":["GET"]}}],"collection":[{"href":"https:\/\/summit.dk\/en\/wp-json\/wp\/v2\/product"}],"about":[{"href":"https:\/\/summit.dk\/en\/wp-json\/wp\/v2\/types\/product"}],"wp:featuredmedia":[{"embeddable":true,"href":"https:\/\/summit.dk\/en\/wp-json\/wp\/v2\/media\/420"}],"wp:attachment":[{"href":"https:\/\/summit.dk\/en\/wp-json\/wp\/v2\/media?parent=2749"}],"wp:term":[{"taxonomy":"brancher","embeddable":true,"href":"https:\/\/summit.dk\/en\/wp-json\/wp\/v2\/brancher?post=2749"},{"taxonomy":"leverandorer","embeddable":true,"href":"https:\/\/summit.dk\/en\/wp-json\/wp\/v2\/leverandorer?post=2749"},{"taxonomy":"produkt_kategorier","embeddable":true,"href":"https:\/\/summit.dk\/en\/wp-json\/wp\/v2\/produkt_kategorier?post=2749"},{"taxonomy":"produktomraader","embeddable":true,"href":"https:\/\/summit.dk\/en\/wp-json\/wp\/v2\/produktomraader?post=2749"},{"taxonomy":"product_brand","embeddable":true,"href":"https:\/\/summit.dk\/en\/wp-json\/wp\/v2\/product_brand?post=2749"},{"taxonomy":"product_cat","embeddable":true,"href":"https:\/\/summit.dk\/en\/wp-json\/wp\/v2\/product_cat?post=2749"},{"taxonomy":"product_tag","embeddable":true,"href":"https:\/\/summit.dk\/en\/wp-json\/wp\/v2\/product_tag?post=2749"}],"curies":[{"name":"wp","href":"https:\/\/api.w.org\/{rel}","templated":true}]}}