{"id":2748,"date":"2019-10-29T07:13:08","date_gmt":"2019-10-29T07:13:08","guid":{"rendered":"https:\/\/summit.dk\/produkter\/besta-mekanisk-levelswitch\/"},"modified":"2019-10-29T07:13:08","modified_gmt":"2019-10-29T07:13:08","slug":"besta-mekanisk-levelswitch","status":"publish","type":"product","link":"https:\/\/summit.dk\/en\/vare\/besta-mekanisk-levelswitch\/","title":{"rendered":"Besta mekanisk levelswitch"},"content":{"rendered":"<div>\n<p><strong>BESTA mekanisk levelswitch<\/strong><\/p>\n<p>Summit tilbyder en bred vifte af <a href=\"http:\/\/www.besta.ch\/\" target=\"_blank\" rel=\"noopener\">Besta Trimod <\/a>mekaniske niveauswitche til enhver t\u00e6nkelig niveau opgave.<\/p>\n<p>Udf\u00f8rt i heavy duty version i h\u00f8j teknisk kvalitet og i brug p\u00e5 skibe og andre maritime installationer s\u00e5vel som industrier i almindelighed.<\/p>\n<p>Typiske anvendelser:<\/p>\n<p>Niveau signallering, H\u00f8j\/lav niveau i br\u00e6ndstoftanke, k\u00f8lemedietanke, kemikalietanke, vandtanke, procestanke, som anvendes indenfor f.eks. f\u00f8devareindustrien, drikkevandsforsyning, spildevandsrensning, petro-kemisk industri, skibsbygning.<\/p>\n<p>&nbsp;<\/p>\n<\/div>\n","protected":false},"excerpt":{"rendered":"<p>BESTA mekanisk levelswitch Summit tilbyder en bred vifte af Besta Trimod mekaniske niveauswitche til enhver t\u00e6nkelig niveau opgave. Udf\u00f8rt i heavy duty version i h\u00f8j teknisk kvalitet og i brug&#8230;<\/p>\n","protected":false},"featured_media":207,"template":"","meta":{"_acf_changed":false,"_nectar_blocks_hide_post_title":false,"_nectar_blocks_transparent_header_effect":false,"_nectar_blocks_transparent_header_effect_color":"light","_nectar_blocks_header_animation":false,"_nectar_blocks_header_animation_delay":0,"_nectar_blocks_header_animation_effect":"fade","_nectar_blocks_page_css":"","_nectar_blocks_page_js":""},"brancher":[443,444,445,446,471,550,551],"leverandorer":[398],"produkt_kategorier":[601,602],"produktomraader":[544,582,583],"product_brand":[],"product_cat":[],"product_tag":[],"class_list":{"0":"post-2748","1":"product","2":"type-product","3":"status-publish","4":"has-post-thumbnail","6":"brancher-hydraulic-en","7":"brancher-industri-en","8":"brancher-marine-en","9":"brancher-offshore-en","10":"brancher-foodpharma-en","11":"brancher-landbrug-en","12":"brancher-offshore-petro-kemi","13":"leverandorer-besta-en","14":"produkt_kategorier-niveau-en","15":"produkt_kategorier-switch-en","16":"produktomraader-level","17":"produktomraader-niveau-maaling-en","18":"produktomraader-niveau-switch-en","20":"first","21":"instock","22":"shipping-taxable","23":"product-type-simple"},"acf":[],"_links":{"self":[{"href":"https:\/\/summit.dk\/en\/wp-json\/wp\/v2\/product\/2748","targetHints":{"allow":["GET"]}}],"collection":[{"href":"https:\/\/summit.dk\/en\/wp-json\/wp\/v2\/product"}],"about":[{"href":"https:\/\/summit.dk\/en\/wp-json\/wp\/v2\/types\/product"}],"wp:featuredmedia":[{"embeddable":true,"href":"https:\/\/summit.dk\/en\/wp-json\/wp\/v2\/media\/207"}],"wp:attachment":[{"href":"https:\/\/summit.dk\/en\/wp-json\/wp\/v2\/media?parent=2748"}],"wp:term":[{"taxonomy":"brancher","embeddable":true,"href":"https:\/\/summit.dk\/en\/wp-json\/wp\/v2\/brancher?post=2748"},{"taxonomy":"leverandorer","embeddable":true,"href":"https:\/\/summit.dk\/en\/wp-json\/wp\/v2\/leverandorer?post=2748"},{"taxonomy":"produkt_kategorier","embeddable":true,"href":"https:\/\/summit.dk\/en\/wp-json\/wp\/v2\/produkt_kategorier?post=2748"},{"taxonomy":"produktomraader","embeddable":true,"href":"https:\/\/summit.dk\/en\/wp-json\/wp\/v2\/produktomraader?post=2748"},{"taxonomy":"product_brand","embeddable":true,"href":"https:\/\/summit.dk\/en\/wp-json\/wp\/v2\/product_brand?post=2748"},{"taxonomy":"product_cat","embeddable":true,"href":"https:\/\/summit.dk\/en\/wp-json\/wp\/v2\/product_cat?post=2748"},{"taxonomy":"product_tag","embeddable":true,"href":"https:\/\/summit.dk\/en\/wp-json\/wp\/v2\/product_tag?post=2748"}],"curies":[{"name":"wp","href":"https:\/\/api.w.org\/{rel}","templated":true}]}}