{"id":2746,"date":"2019-10-29T07:06:44","date_gmt":"2019-10-29T07:06:44","guid":{"rendered":"https:\/\/summit.dk\/produkter\/berthold-niveau-lb440\/"},"modified":"2019-10-29T07:12:41","modified_gmt":"2019-10-29T07:12:41","slug":"berthold-niveau-lb440","status":"publish","type":"product","link":"https:\/\/summit.dk\/en\/vare\/berthold-niveau-lb440\/","title":{"rendered":"Berthold Niveau LB440"},"content":{"rendered":"<div>\n<p>Niveaum\u00e5ler type LB 440<br \/>\nProducent: Berthold Technologies<br \/>\nM\u00e5leprincip: Radiometrisk<br \/>\nM\u00e5lested: Opsp\u00e6nding uden p\u00e5 beholder<\/p>\n<\/div>\n<div>Medie: Alle medier uanset temp. og trykforhold<br \/>\nM\u00e5leomr\u00e5de: Fra min. til ca. 8000 mm<br \/>\nN\u00f8jagtighed. Typisk \u00b1 1 % af m\u00e5leomr\u00e5de<br \/>\nUdgang: 4\u202620 mA<\/div>\n","protected":false},"excerpt":{"rendered":"<p>Niveaum\u00e5ler type LB 440 Producent: Berthold Technologies M\u00e5leprincip: Radiometrisk M\u00e5lested: Opsp\u00e6nding uden p\u00e5 beholder Medie: Alle medier uanset temp. og trykforhold M\u00e5leomr\u00e5de: Fra min. til ca. 8000 mm N\u00f8jagtighed. Typisk&#8230;<\/p>\n","protected":false},"featured_media":4776,"template":"","meta":{"_acf_changed":false,"_nectar_blocks_hide_post_title":false,"_nectar_blocks_transparent_header_effect":false,"_nectar_blocks_transparent_header_effect_color":"light","_nectar_blocks_header_animation":false,"_nectar_blocks_header_animation_delay":0,"_nectar_blocks_header_animation_effect":"fade","_nectar_blocks_page_css":"","_nectar_blocks_page_js":""},"brancher":[444,445,446,550,551],"leverandorer":[397],"produkt_kategorier":[601,611],"produktomraader":[544,582],"product_brand":[],"product_cat":[],"product_tag":[],"class_list":{"0":"post-2746","1":"product","2":"type-product","3":"status-publish","4":"has-post-thumbnail","6":"brancher-industri-en","7":"brancher-marine-en","8":"brancher-offshore-en","9":"brancher-landbrug-en","10":"brancher-offshore-petro-kemi","11":"leverandorer-berthold-technologies-gmbh-en","12":"produkt_kategorier-niveau-en","13":"produkt_kategorier-analog-maaling-en","14":"produktomraader-level","15":"produktomraader-niveau-maaling-en","17":"first","18":"instock","19":"shipping-taxable","20":"product-type-simple"},"acf":[],"_links":{"self":[{"href":"https:\/\/summit.dk\/en\/wp-json\/wp\/v2\/product\/2746","targetHints":{"allow":["GET"]}}],"collection":[{"href":"https:\/\/summit.dk\/en\/wp-json\/wp\/v2\/product"}],"about":[{"href":"https:\/\/summit.dk\/en\/wp-json\/wp\/v2\/types\/product"}],"wp:featuredmedia":[{"embeddable":true,"href":"https:\/\/summit.dk\/en\/wp-json\/wp\/v2\/media\/4776"}],"wp:attachment":[{"href":"https:\/\/summit.dk\/en\/wp-json\/wp\/v2\/media?parent=2746"}],"wp:term":[{"taxonomy":"brancher","embeddable":true,"href":"https:\/\/summit.dk\/en\/wp-json\/wp\/v2\/brancher?post=2746"},{"taxonomy":"leverandorer","embeddable":true,"href":"https:\/\/summit.dk\/en\/wp-json\/wp\/v2\/leverandorer?post=2746"},{"taxonomy":"produkt_kategorier","embeddable":true,"href":"https:\/\/summit.dk\/en\/wp-json\/wp\/v2\/produkt_kategorier?post=2746"},{"taxonomy":"produktomraader","embeddable":true,"href":"https:\/\/summit.dk\/en\/wp-json\/wp\/v2\/produktomraader?post=2746"},{"taxonomy":"product_brand","embeddable":true,"href":"https:\/\/summit.dk\/en\/wp-json\/wp\/v2\/product_brand?post=2746"},{"taxonomy":"product_cat","embeddable":true,"href":"https:\/\/summit.dk\/en\/wp-json\/wp\/v2\/product_cat?post=2746"},{"taxonomy":"product_tag","embeddable":true,"href":"https:\/\/summit.dk\/en\/wp-json\/wp\/v2\/product_tag?post=2746"}],"curies":[{"name":"wp","href":"https:\/\/api.w.org\/{rel}","templated":true}]}}