{"id":2745,"date":"2019-10-29T07:05:49","date_gmt":"2019-10-29T07:05:49","guid":{"rendered":"https:\/\/summit.dk\/produkter\/berthold-lb-566-mikroboelgemaaler\/"},"modified":"2019-10-29T07:05:50","modified_gmt":"2019-10-29T07:05:50","slug":"berthold-lb-566-mikroboelgemaaler","status":"publish","type":"product","link":"https:\/\/summit.dk\/en\/vare\/berthold-lb-566-mikroboelgemaaler\/","title":{"rendered":"Berthold LB 566 &#8211; Mikrob\u00f8lgem\u00e5ler"},"content":{"rendered":"<p style=\"text-align: left;\">Mikrob\u00f8lgem\u00e5ler type LB 566<\/p>\n<p style=\"text-align: left;\">Producent: Berthold Technologies<br \/>\nDimension: DN 50\u2026DN150<br \/>\nMedie: V\u00e6ske, slurry, pulp<br \/>\nM\u00e5leomr\u00e5de: 0-100 % H2O (eller t\u00f8rstof)<br \/>\nUdgang: 4\u202620 mA<\/p>\n<p>&nbsp;<\/p>\n","protected":false},"excerpt":{"rendered":"<p>Mikrob\u00f8lgem\u00e5ler type LB 566 Producent: Berthold Technologies Dimension: DN 50\u2026DN150 Medie: V\u00e6ske, slurry, pulp M\u00e5leomr\u00e5de: 0-100 % H2O (eller t\u00f8rstof) Udgang: 4\u202620 mA &nbsp;<\/p>\n","protected":false},"featured_media":142,"template":"","meta":{"_acf_changed":false,"_nectar_blocks_hide_post_title":false,"_nectar_blocks_transparent_header_effect":false,"_nectar_blocks_transparent_header_effect_color":"light","_nectar_blocks_header_animation":false,"_nectar_blocks_header_animation_delay":0,"_nectar_blocks_header_animation_effect":"fade","_nectar_blocks_page_css":"","_nectar_blocks_page_js":""},"brancher":[444,445,446,471,550,551],"leverandorer":[397],"produkt_kategorier":[419,608,609],"produktomraader":[535,555],"product_brand":[],"product_cat":[],"product_tag":[],"class_list":{"0":"post-2745","1":"product","2":"type-product","3":"status-publish","4":"has-post-thumbnail","6":"brancher-industri-en","7":"brancher-marine-en","8":"brancher-offshore-en","9":"brancher-foodpharma-en","10":"brancher-landbrug-en","11":"brancher-offshore-petro-kemi","12":"leverandorer-berthold-technologies-gmbh-en","13":"produkt_kategorier-moisture-measurement","14":"produkt_kategorier-toerstofmaaling-en","15":"produkt_kategorier-absolut-vandindhold-en","16":"produktomraader-analysis","17":"produktomraader-vandindhold-en","19":"first","20":"instock","21":"shipping-taxable","22":"product-type-simple"},"acf":[],"_links":{"self":[{"href":"https:\/\/summit.dk\/en\/wp-json\/wp\/v2\/product\/2745","targetHints":{"allow":["GET"]}}],"collection":[{"href":"https:\/\/summit.dk\/en\/wp-json\/wp\/v2\/product"}],"about":[{"href":"https:\/\/summit.dk\/en\/wp-json\/wp\/v2\/types\/product"}],"wp:featuredmedia":[{"embeddable":true,"href":"https:\/\/summit.dk\/en\/wp-json\/wp\/v2\/media\/142"}],"wp:attachment":[{"href":"https:\/\/summit.dk\/en\/wp-json\/wp\/v2\/media?parent=2745"}],"wp:term":[{"taxonomy":"brancher","embeddable":true,"href":"https:\/\/summit.dk\/en\/wp-json\/wp\/v2\/brancher?post=2745"},{"taxonomy":"leverandorer","embeddable":true,"href":"https:\/\/summit.dk\/en\/wp-json\/wp\/v2\/leverandorer?post=2745"},{"taxonomy":"produkt_kategorier","embeddable":true,"href":"https:\/\/summit.dk\/en\/wp-json\/wp\/v2\/produkt_kategorier?post=2745"},{"taxonomy":"produktomraader","embeddable":true,"href":"https:\/\/summit.dk\/en\/wp-json\/wp\/v2\/produktomraader?post=2745"},{"taxonomy":"product_brand","embeddable":true,"href":"https:\/\/summit.dk\/en\/wp-json\/wp\/v2\/product_brand?post=2745"},{"taxonomy":"product_cat","embeddable":true,"href":"https:\/\/summit.dk\/en\/wp-json\/wp\/v2\/product_cat?post=2745"},{"taxonomy":"product_tag","embeddable":true,"href":"https:\/\/summit.dk\/en\/wp-json\/wp\/v2\/product_tag?post=2745"}],"curies":[{"name":"wp","href":"https:\/\/api.w.org\/{rel}","templated":true}]}}