{"id":2743,"date":"2019-10-29T07:04:55","date_gmt":"2019-10-29T07:04:55","guid":{"rendered":"https:\/\/summit.dk\/produkter\/berthold-lb-442\/"},"modified":"2019-10-29T07:04:57","modified_gmt":"2019-10-29T07:04:57","slug":"berthold-lb-442","status":"publish","type":"product","link":"https:\/\/summit.dk\/en\/vare\/berthold-lb-442\/","title":{"rendered":"Berthold LB 442"},"content":{"rendered":"<p><strong>B\u00e5ndv\u00e6gt &#8211; masseflow<\/strong><\/p>\n<p><strong>Berthold LB 442 \u2013 bulk flow<\/strong><\/p>\n<p>Producent: Berthold Technologies<\/p>\n<p>M\u00e5leprincip: Radiometri<\/p>\n<p>M\u00e5lested: Alle former for conveyor s\u00e5som b\u00e5nd, snegl, skrue, elevator, Redler, frit fald etc.<\/p>\n<p>M\u00e6ngder: fra ca. 200 kg\/h op til 10.000 t\/h<\/p>\n<p>Udgang: 4\u202620 mA for aktuelt flow m\u00e6ngde samt total for samlet m\u00e6ngde siden sidste reset.<\/p>\n<p>Se hele udvalget af produkter til <a href=\"https:\/\/summit.dk\/produkt-kategori\/flow\/masseflow\/\">radiometrisk m\u00e5ling<\/a><\/p>\n<p>&nbsp;<\/p>\n","protected":false},"excerpt":{"rendered":"<p>B\u00e5ndv\u00e6gt &#8211; masseflow Berthold LB 442 \u2013 bulk flow Producent: Berthold Technologies M\u00e5leprincip: Radiometri M\u00e5lested: Alle former for conveyor s\u00e5som b\u00e5nd, snegl, skrue, elevator, Redler, frit fald etc. M\u00e6ngder: fra&#8230;<\/p>\n","protected":false},"featured_media":203,"template":"","meta":{"_acf_changed":false,"_nectar_blocks_hide_post_title":false,"_nectar_blocks_transparent_header_effect":false,"_nectar_blocks_transparent_header_effect_color":"light","_nectar_blocks_header_animation":false,"_nectar_blocks_header_animation_delay":0,"_nectar_blocks_header_animation_effect":"fade","_nectar_blocks_page_css":"","_nectar_blocks_page_js":""},"brancher":[444,446,471,550,551],"leverandorer":[397],"produkt_kategorier":[430,607,608],"produktomraader":[],"product_brand":[],"product_cat":[],"product_tag":[],"class_list":{"0":"post-2743","1":"product","2":"type-product","3":"status-publish","4":"has-post-thumbnail","6":"brancher-industri-en","7":"brancher-offshore-en","8":"brancher-foodpharma-en","9":"brancher-landbrug-en","10":"brancher-offshore-petro-kemi","11":"leverandorer-berthold-technologies-gmbh-en","12":"produkt_kategorier-flow-en","13":"produkt_kategorier-masseflow-bulk","14":"produkt_kategorier-toerstofmaaling-en","16":"first","17":"instock","18":"shipping-taxable","19":"product-type-simple"},"acf":[],"_links":{"self":[{"href":"https:\/\/summit.dk\/en\/wp-json\/wp\/v2\/product\/2743","targetHints":{"allow":["GET"]}}],"collection":[{"href":"https:\/\/summit.dk\/en\/wp-json\/wp\/v2\/product"}],"about":[{"href":"https:\/\/summit.dk\/en\/wp-json\/wp\/v2\/types\/product"}],"wp:featuredmedia":[{"embeddable":true,"href":"https:\/\/summit.dk\/en\/wp-json\/wp\/v2\/media\/203"}],"wp:attachment":[{"href":"https:\/\/summit.dk\/en\/wp-json\/wp\/v2\/media?parent=2743"}],"wp:term":[{"taxonomy":"brancher","embeddable":true,"href":"https:\/\/summit.dk\/en\/wp-json\/wp\/v2\/brancher?post=2743"},{"taxonomy":"leverandorer","embeddable":true,"href":"https:\/\/summit.dk\/en\/wp-json\/wp\/v2\/leverandorer?post=2743"},{"taxonomy":"produkt_kategorier","embeddable":true,"href":"https:\/\/summit.dk\/en\/wp-json\/wp\/v2\/produkt_kategorier?post=2743"},{"taxonomy":"produktomraader","embeddable":true,"href":"https:\/\/summit.dk\/en\/wp-json\/wp\/v2\/produktomraader?post=2743"},{"taxonomy":"product_brand","embeddable":true,"href":"https:\/\/summit.dk\/en\/wp-json\/wp\/v2\/product_brand?post=2743"},{"taxonomy":"product_cat","embeddable":true,"href":"https:\/\/summit.dk\/en\/wp-json\/wp\/v2\/product_cat?post=2743"},{"taxonomy":"product_tag","embeddable":true,"href":"https:\/\/summit.dk\/en\/wp-json\/wp\/v2\/product_tag?post=2743"}],"curies":[{"name":"wp","href":"https:\/\/api.w.org\/{rel}","templated":true}]}}