{"id":2741,"date":"2019-10-29T06:58:02","date_gmt":"2019-10-29T06:58:02","guid":{"rendered":"https:\/\/summit.dk\/produkter\/amot-g-ventil\/"},"modified":"2019-10-29T06:59:29","modified_gmt":"2019-10-29T06:59:29","slug":"amot-g-ventil","status":"publish","type":"product","link":"https:\/\/summit.dk\/en\/vare\/amot-g-ventil\/","title":{"rendered":"Amot G Ventil"},"content":{"rendered":"<p style=\"text-align: left;\">Trevejs Actuated temperatur reguleringsventiler<\/p>\n<p style=\"text-align: left;\">Kan leveres med elektriske og pneumatiske aktuatorer<\/p>\n<p style=\"text-align: left;\">Kan leveres i st\u00f8rrelser fra 2 &#8221; til 16&#8243;<\/p>\n<div><a href=\"http:\/\/www.\"><img decoding=\"async\" title=\"G Electrically Actuated Valve\" src=\"http:\/\/amot.com\/tenants\/amot\/images\/Medium\/8GG_Electric%281%29.jpg\" alt=\"G Electrically Actuated Valve\"><\/a><\/div>\n<h2 style=\"text-align: left;\">Specifications<\/h2>\n<table>\n<tbody>\n<tr>\n<td><strong>Flow to:<\/strong><\/td>\n<td>3000m3\/hr<\/td>\n<td>(13,200 us gpm)<\/td>\n<\/tr>\n<tr>\n<td><strong>Sizes:<\/strong><\/td>\n<td>50mm to 400 mm<\/td>\n<td>(2&#8243; to 16&#8243;)<\/td>\n<\/tr>\n<tr>\n<td><strong>Rotor material:<\/strong><\/td>\n<td colspan=\"2\">Bronze or stainless steel<\/td>\n<\/tr>\n<tr>\n<td><strong>Rotor shaft:<\/strong><\/td>\n<td colspan=\"2\">Stainless steel<\/td>\n<\/tr>\n<tr>\n<td><strong>Shaft seal material:<\/strong><\/td>\n<td>Viton rubber (GEF)<\/td>\n<td>Nitrile or Viton (GPD)<\/td>\n<\/tr>\n<\/tbody>\n<\/table>\n<ul>\n<li>Let at integrere &#8211; ventil st\u00f8rrelse i g\u00e6ngse r\u00f8rst\u00f8rrelser<\/li>\n<li>Fleksibelt design &#8211; porte kan konfigureres s\u00e5 de passer til installation<\/li>\n<li>H\u00e5ndhjulet tillader manuel justering af ventil<\/li>\n<\/ul>\n","protected":false},"excerpt":{"rendered":"<p>Trevejs Actuated temperatur reguleringsventiler Kan leveres med elektriske og pneumatiske aktuatorer Kan leveres i st\u00f8rrelser fra 2 &#8221; til 16&#8243; Specifications Flow to: 3000m3\/hr (13,200 us gpm) Sizes: 50mm to&#8230;<\/p>\n","protected":false},"featured_media":123,"template":"","meta":{"_acf_changed":false,"_nectar_blocks_hide_post_title":false,"_nectar_blocks_transparent_header_effect":false,"_nectar_blocks_transparent_header_effect_color":"light","_nectar_blocks_header_animation":false,"_nectar_blocks_header_animation_delay":0,"_nectar_blocks_header_animation_effect":"fade","_nectar_blocks_page_css":"","_nectar_blocks_page_js":""},"brancher":[444,445,446,551],"leverandorer":[395],"produkt_kategorier":[422,603,606],"produktomraader":[540,596],"product_brand":[],"product_cat":[],"product_tag":[],"class_list":{"0":"post-2741","1":"product","2":"type-product","3":"status-publish","4":"has-post-thumbnail","6":"brancher-industri-en","7":"brancher-marine-en","8":"brancher-offshore-en","9":"brancher-offshore-petro-kemi","10":"leverandorer-amot-en","11":"produkt_kategorier-self-regulating-valve","12":"produkt_kategorier-temperaturreguleret-ventil-en","13":"produkt_kategorier-g-ventil-en","14":"produktomraader-valves","15":"produktomraader-selvregulerende-ventiler-en","17":"first","18":"instock","19":"shipping-taxable","20":"product-type-simple"},"acf":[],"_links":{"self":[{"href":"https:\/\/summit.dk\/en\/wp-json\/wp\/v2\/product\/2741","targetHints":{"allow":["GET"]}}],"collection":[{"href":"https:\/\/summit.dk\/en\/wp-json\/wp\/v2\/product"}],"about":[{"href":"https:\/\/summit.dk\/en\/wp-json\/wp\/v2\/types\/product"}],"wp:featuredmedia":[{"embeddable":true,"href":"https:\/\/summit.dk\/en\/wp-json\/wp\/v2\/media\/123"}],"wp:attachment":[{"href":"https:\/\/summit.dk\/en\/wp-json\/wp\/v2\/media?parent=2741"}],"wp:term":[{"taxonomy":"brancher","embeddable":true,"href":"https:\/\/summit.dk\/en\/wp-json\/wp\/v2\/brancher?post=2741"},{"taxonomy":"leverandorer","embeddable":true,"href":"https:\/\/summit.dk\/en\/wp-json\/wp\/v2\/leverandorer?post=2741"},{"taxonomy":"produkt_kategorier","embeddable":true,"href":"https:\/\/summit.dk\/en\/wp-json\/wp\/v2\/produkt_kategorier?post=2741"},{"taxonomy":"produktomraader","embeddable":true,"href":"https:\/\/summit.dk\/en\/wp-json\/wp\/v2\/produktomraader?post=2741"},{"taxonomy":"product_brand","embeddable":true,"href":"https:\/\/summit.dk\/en\/wp-json\/wp\/v2\/product_brand?post=2741"},{"taxonomy":"product_cat","embeddable":true,"href":"https:\/\/summit.dk\/en\/wp-json\/wp\/v2\/product_cat?post=2741"},{"taxonomy":"product_tag","embeddable":true,"href":"https:\/\/summit.dk\/en\/wp-json\/wp\/v2\/product_tag?post=2741"}],"curies":[{"name":"wp","href":"https:\/\/api.w.org\/{rel}","templated":true}]}}