{"id":2739,"date":"2019-10-28T21:16:12","date_gmt":"2019-10-28T21:16:12","guid":{"rendered":"https:\/\/summit.dk\/produkter\/amot-b-ventil\/"},"modified":"2019-10-28T21:22:57","modified_gmt":"2019-10-28T21:22:57","slug":"amot-b-ventil","status":"publish","type":"product","link":"https:\/\/summit.dk\/en\/vare\/amot-b-ventil\/","title":{"rendered":"Amot B Ventil"},"content":{"rendered":"<p style=\"text-align: left;\">Amot ventil er en selvregulerende thermostat ventil.<\/p>\n<p style=\"text-align: left;\"><strong>Anvendelse<\/strong> \u2013 K\u00f8levand, oliek\u00f8ler<\/p>\n<p style=\"text-align: left;\">Flow fra 15M3\/H til 275 M3\/H<br \/>\nReguleringstemperatur fra 12\u00b0C til 115\u00b0C<br \/>\nKan leveres i st\u00f8bejern, duktilt jern, bronze, st\u00e5l og rustfrit st\u00e5l<br \/>\n1-1\/2 \u201c- 8\u2033 Flange tilslutning DIN\/ANSI<\/p>\n<h3 style=\"text-align: left;\"><strong>Applikationer:<\/strong><\/h3>\n<ul>\n<li style=\"text-align: left;\">Motor &amp; kompressork\u00f8ling LT\/HT<\/li>\n<li style=\"text-align: left;\">Sm\u00f8reoliesystemer<\/li>\n<li style=\"text-align: left;\">Kraft Varme Produktion \/ Varmegenindvindingssl\u00f8jfer<\/li>\n<li style=\"text-align: left;\">Blandingskredse \/ afledningskredse<\/li>\n<\/ul>\n<p>&nbsp;<\/p>\n","protected":false},"excerpt":{"rendered":"<p>Amot ventil er en selvregulerende thermostat ventil. Anvendelse \u2013 K\u00f8levand, oliek\u00f8ler Flow fra 15M3\/H til 275 M3\/H Reguleringstemperatur fra 12\u00b0C til 115\u00b0C Kan leveres i st\u00f8bejern, duktilt jern, bronze, st\u00e5l&#8230;<\/p>\n","protected":false},"featured_media":315,"template":"","meta":{"_acf_changed":false,"_nectar_blocks_hide_post_title":false,"_nectar_blocks_transparent_header_effect":false,"_nectar_blocks_transparent_header_effect_color":"light","_nectar_blocks_header_animation":false,"_nectar_blocks_header_animation_delay":0,"_nectar_blocks_header_animation_effect":"fade","_nectar_blocks_page_css":"","_nectar_blocks_page_js":""},"brancher":[444,445,446,551],"leverandorer":[395],"produkt_kategorier":[422,603,604],"produktomraader":[540,596],"product_brand":[],"product_cat":[],"product_tag":[],"class_list":{"0":"post-2739","1":"product","2":"type-product","3":"status-publish","4":"has-post-thumbnail","6":"brancher-industri-en","7":"brancher-marine-en","8":"brancher-offshore-en","9":"brancher-offshore-petro-kemi","10":"leverandorer-amot-en","11":"produkt_kategorier-self-regulating-valve","12":"produkt_kategorier-temperaturreguleret-ventil-en","13":"produkt_kategorier-b-ventil-en","14":"produktomraader-valves","15":"produktomraader-selvregulerende-ventiler-en","17":"first","18":"instock","19":"shipping-taxable","20":"product-type-simple"},"acf":[],"_links":{"self":[{"href":"https:\/\/summit.dk\/en\/wp-json\/wp\/v2\/product\/2739","targetHints":{"allow":["GET"]}}],"collection":[{"href":"https:\/\/summit.dk\/en\/wp-json\/wp\/v2\/product"}],"about":[{"href":"https:\/\/summit.dk\/en\/wp-json\/wp\/v2\/types\/product"}],"wp:featuredmedia":[{"embeddable":true,"href":"https:\/\/summit.dk\/en\/wp-json\/wp\/v2\/media\/315"}],"wp:attachment":[{"href":"https:\/\/summit.dk\/en\/wp-json\/wp\/v2\/media?parent=2739"}],"wp:term":[{"taxonomy":"brancher","embeddable":true,"href":"https:\/\/summit.dk\/en\/wp-json\/wp\/v2\/brancher?post=2739"},{"taxonomy":"leverandorer","embeddable":true,"href":"https:\/\/summit.dk\/en\/wp-json\/wp\/v2\/leverandorer?post=2739"},{"taxonomy":"produkt_kategorier","embeddable":true,"href":"https:\/\/summit.dk\/en\/wp-json\/wp\/v2\/produkt_kategorier?post=2739"},{"taxonomy":"produktomraader","embeddable":true,"href":"https:\/\/summit.dk\/en\/wp-json\/wp\/v2\/produktomraader?post=2739"},{"taxonomy":"product_brand","embeddable":true,"href":"https:\/\/summit.dk\/en\/wp-json\/wp\/v2\/product_brand?post=2739"},{"taxonomy":"product_cat","embeddable":true,"href":"https:\/\/summit.dk\/en\/wp-json\/wp\/v2\/product_cat?post=2739"},{"taxonomy":"product_tag","embeddable":true,"href":"https:\/\/summit.dk\/en\/wp-json\/wp\/v2\/product_tag?post=2739"}],"curies":[{"name":"wp","href":"https:\/\/api.w.org\/{rel}","templated":true}]}}