{"id":2098,"date":"2019-09-18T21:26:30","date_gmt":"2019-09-18T21:26:30","guid":{"rendered":"https:\/\/summit.dk\/produkter\/model-166t-telescoping-stainless-steel-pitot-tube-2\/"},"modified":"2019-10-29T13:59:56","modified_gmt":"2019-10-29T13:59:56","slug":"model-166t-telescoping-stainless-steel-pitot-tube-2","status":"publish","type":"product","link":"https:\/\/summit.dk\/en\/vare\/model-166t-telescoping-stainless-steel-pitot-tube-2\/","title":{"rendered":"Serie &#8211; 166T Rustfast St\u00e5l Pitotr\u00f8r"},"content":{"rendered":"<p><span lang=\"da\">MODELLEN 166T Teleskopfunktion pitotr\u00f8r er en unik luftstr\u00f8ms sensor, som hurtigt og nemt kan justeres for enhver kanal inds\u00e6ttelse, l\u00e6ngde fra 11,5 til 36 inches ( 29,2 til 91,4 cm).<\/p>\n<p>Nu kan denne enkelte kompakte enhed erstatte op til fem konventionelle fast l\u00e6ngde pitotr\u00f8r. <\/span><\/p>\n<p><span lang=\"da\">For endnu st\u00f8rre komfort, det er forsvarligt beskyttet af en brugerdefineret monteret polyethylen b\u00e6retaske. Teleskopiske sektioner l\u00e5ses p\u00e5 plads, n\u00e5r de er udvidet, hvilket muligg\u00f8r brug af h\u00e5ndtaget til gage korrekt tilpasning af spidsen i luftstr\u00f8mmen.<\/span><\/p>\n<p><span lang=\"da\"> Rustfri st\u00e5l konstruktion modst\u00e5r korrosion<\/span><\/p>\n<p><iframe loading=\"lazy\" width=\"560\" height=\"315\" src=\"https:\/\/www.youtube.com\/embed\/YxvvZhZryIw?rel=0&amp;showinfo=0\" frameborder=\"0\" gesture=\"media\" allow=\"encrypted-media\" allowfullscreen=\"\"><\/iframe><\/p>\n","protected":false},"excerpt":{"rendered":"<p>MODELLEN 166T Teleskopfunktion pitotr\u00f8r er en unik luftstr\u00f8ms sensor, som hurtigt og nemt kan justeres for enhver kanal inds\u00e6ttelse, l\u00e6ngde fra 11,5 til 36 inches ( 29,2 til 91,4 cm)&#8230;.<\/p>\n","protected":false},"featured_media":546,"template":"","meta":{"_acf_changed":false,"_nectar_blocks_hide_post_title":false,"_nectar_blocks_transparent_header_effect":false,"_nectar_blocks_transparent_header_effect_color":"light","_nectar_blocks_header_animation":false,"_nectar_blocks_header_animation_delay":0,"_nectar_blocks_header_animation_effect":"fade","_nectar_blocks_page_css":"","_nectar_blocks_page_js":""},"brancher":[444,471,598],"leverandorer":[332],"produkt_kategorier":[413,414,430],"produktomraader":[545,549,566],"product_brand":[],"product_cat":[],"product_tag":[],"class_list":{"0":"post-2098","1":"product","2":"type-product","3":"status-publish","4":"has-post-thumbnail","6":"brancher-industri-en","7":"brancher-foodpharma-en","8":"brancher-ventilation-en","9":"leverandorer-dwyer-en","10":"produkt_kategorier-luftgas-en","11":"produkt_kategorier-hvac-komponenents","12":"produkt_kategorier-flow-en","13":"produktomraader-flow-en","14":"produktomraader-accessories","15":"produktomraader-flow-maaling-en","17":"first","18":"instock","19":"shipping-taxable","20":"product-type-simple"},"acf":[],"_links":{"self":[{"href":"https:\/\/summit.dk\/en\/wp-json\/wp\/v2\/product\/2098","targetHints":{"allow":["GET"]}}],"collection":[{"href":"https:\/\/summit.dk\/en\/wp-json\/wp\/v2\/product"}],"about":[{"href":"https:\/\/summit.dk\/en\/wp-json\/wp\/v2\/types\/product"}],"wp:featuredmedia":[{"embeddable":true,"href":"https:\/\/summit.dk\/en\/wp-json\/wp\/v2\/media\/546"}],"wp:attachment":[{"href":"https:\/\/summit.dk\/en\/wp-json\/wp\/v2\/media?parent=2098"}],"wp:term":[{"taxonomy":"brancher","embeddable":true,"href":"https:\/\/summit.dk\/en\/wp-json\/wp\/v2\/brancher?post=2098"},{"taxonomy":"leverandorer","embeddable":true,"href":"https:\/\/summit.dk\/en\/wp-json\/wp\/v2\/leverandorer?post=2098"},{"taxonomy":"produkt_kategorier","embeddable":true,"href":"https:\/\/summit.dk\/en\/wp-json\/wp\/v2\/produkt_kategorier?post=2098"},{"taxonomy":"produktomraader","embeddable":true,"href":"https:\/\/summit.dk\/en\/wp-json\/wp\/v2\/produktomraader?post=2098"},{"taxonomy":"product_brand","embeddable":true,"href":"https:\/\/summit.dk\/en\/wp-json\/wp\/v2\/product_brand?post=2098"},{"taxonomy":"product_cat","embeddable":true,"href":"https:\/\/summit.dk\/en\/wp-json\/wp\/v2\/product_cat?post=2098"},{"taxonomy":"product_tag","embeddable":true,"href":"https:\/\/summit.dk\/en\/wp-json\/wp\/v2\/product_tag?post=2098"}],"curies":[{"name":"wp","href":"https:\/\/api.w.org\/{rel}","templated":true}]}}