{"id":2097,"date":"2019-09-18T21:10:23","date_gmt":"2019-09-18T21:10:23","guid":{"rendered":"https:\/\/summit.dk\/produkter\/weather-station-compact-wsc11-2\/"},"modified":"2019-10-29T14:02:42","modified_gmt":"2019-10-29T14:02:42","slug":"weather-station-compact-wsc11-2","status":"publish","type":"product","link":"https:\/\/summit.dk\/en\/vare\/weather-station-compact-wsc11-2\/","title":{"rendered":"Thiess Vejrstation &#8211; uden bev\u00e6gelige dele"},"content":{"rendered":"<p>WSC-11 &#8211; Vejrstation uden bev\u00e6gelige dele<\/p>\n<p>Med Modbus kommunikation<\/p>\n<p>F\u00f8lgende parametre kan m\u00e5les:<br \/>\nVindhastighed<br \/>\nvindretning<br \/>\nLysstyrke (i nord, \u00f8st, syd, vest)<br \/>\nTusm\u00f8rke<br \/>\nGlobal str\u00e5ling<br \/>\nNedb\u00f8r<br \/>\nTemperatur<br \/>\nrelativ luftfugtighed<br \/>\nLufttryk<br \/>\nTid \/ dato<br \/>\ngeostation\u00e6re data<br \/>\nL\u00e6ngde<br \/>\nBreddegrad<br \/>\nSol position<br \/>\nElevation<br \/>\nazimuth<\/p>\n","protected":false},"excerpt":{"rendered":"<p>WSC-11 &#8211; Vejrstation uden bev\u00e6gelige dele Med Modbus kommunikation F\u00f8lgende parametre kan m\u00e5les: Vindhastighed vindretning Lysstyrke (i nord, \u00f8st, syd, vest) Tusm\u00f8rke Global str\u00e5ling Nedb\u00f8r Temperatur relativ luftfugtighed Lufttryk Tid&#8230;<\/p>\n","protected":false},"featured_media":626,"template":"","meta":{"_acf_changed":false,"_nectar_blocks_hide_post_title":false,"_nectar_blocks_transparent_header_effect":false,"_nectar_blocks_transparent_header_effect_color":"light","_nectar_blocks_header_animation":false,"_nectar_blocks_header_animation_delay":0,"_nectar_blocks_header_animation_effect":"fade","_nectar_blocks_page_css":"","_nectar_blocks_page_js":""},"brancher":[],"leverandorer":[407],"produkt_kategorier":[418],"produktomraader":[542,590,592,594],"product_brand":[],"product_cat":[],"product_tag":[],"class_list":{"0":"post-2097","1":"product","2":"type-product","3":"status-publish","4":"has-post-thumbnail","6":"leverandorer-thies-clima-en","7":"produkt_kategorier-weather-stations","8":"produktomraader-weather-stations","9":"produktomraader-elektronisk-en","10":"produktomraader-nedboersmaaling-en","11":"produktomraader-solhoejde-en","13":"first","14":"instock","15":"shipping-taxable","16":"product-type-simple"},"acf":[],"_links":{"self":[{"href":"https:\/\/summit.dk\/en\/wp-json\/wp\/v2\/product\/2097","targetHints":{"allow":["GET"]}}],"collection":[{"href":"https:\/\/summit.dk\/en\/wp-json\/wp\/v2\/product"}],"about":[{"href":"https:\/\/summit.dk\/en\/wp-json\/wp\/v2\/types\/product"}],"wp:featuredmedia":[{"embeddable":true,"href":"https:\/\/summit.dk\/en\/wp-json\/wp\/v2\/media\/626"}],"wp:attachment":[{"href":"https:\/\/summit.dk\/en\/wp-json\/wp\/v2\/media?parent=2097"}],"wp:term":[{"taxonomy":"brancher","embeddable":true,"href":"https:\/\/summit.dk\/en\/wp-json\/wp\/v2\/brancher?post=2097"},{"taxonomy":"leverandorer","embeddable":true,"href":"https:\/\/summit.dk\/en\/wp-json\/wp\/v2\/leverandorer?post=2097"},{"taxonomy":"produkt_kategorier","embeddable":true,"href":"https:\/\/summit.dk\/en\/wp-json\/wp\/v2\/produkt_kategorier?post=2097"},{"taxonomy":"produktomraader","embeddable":true,"href":"https:\/\/summit.dk\/en\/wp-json\/wp\/v2\/produktomraader?post=2097"},{"taxonomy":"product_brand","embeddable":true,"href":"https:\/\/summit.dk\/en\/wp-json\/wp\/v2\/product_brand?post=2097"},{"taxonomy":"product_cat","embeddable":true,"href":"https:\/\/summit.dk\/en\/wp-json\/wp\/v2\/product_cat?post=2097"},{"taxonomy":"product_tag","embeddable":true,"href":"https:\/\/summit.dk\/en\/wp-json\/wp\/v2\/product_tag?post=2097"}],"curies":[{"name":"wp","href":"https:\/\/api.w.org\/{rel}","templated":true}]}}