{"id":2096,"date":"2019-09-18T21:05:04","date_gmt":"2019-09-18T21:05:04","guid":{"rendered":"https:\/\/summit.dk\/produkter\/weather-station-compact-wsc-11-2\/"},"modified":"2019-10-29T14:04:40","modified_gmt":"2019-10-29T14:04:40","slug":"weather-station-compact-wsc-11-2","status":"publish","type":"product","link":"https:\/\/summit.dk\/en\/vare\/weather-station-compact-wsc-11-2\/","title":{"rendered":"Vejrstation uden bev\u00e6gelige dele &#8211; Clima Sense"},"content":{"rendered":"<h2>Clima Sense Vejrstation<\/h2>\n<p>\u2022 Vindhastighed<br \/>\n\u2022 Vindretning<br \/>\n\u2022 Nedb\u00f8r<br \/>\n\u2022 Lysstyrke<br \/>\n\u2022 Lufttemperatur<br \/>\n\u2022 Relativ luftfugtighed<br \/>\n\u2022 Barometrisk tryk<br \/>\n\u2022 GPS-modtager<br \/>\n\u2022 Magnetisk kompas<\/p>\n<p>P\u00e5 baggrund af de m\u00e5lte v\u00e6rdier beregnes nedenst\u00e5ende parametre desuden.<br \/>\n\u2022 Vind \u201dchill\u201d Temperatur<br \/>\n\u2022 Varme indeks temperatur<br \/>\n\u2022 Absolut fugtighed<br \/>\n\u2022 Dugpunkttemperatur<\/p>\n<p>En integreret GPS-modtager anvendes til korrektion af placeringen af sensoren i forbindelse med barometrisk m\u00e5ling. Desuden kan aktuel sol position beregnes<\/p>\n<p>Generelt<br \/>\nDriftssp\u00e6nding : 6 &#8230; 40 V DC eller 10 &#8230; 28 V AC 50 Hz \/ 60 Hz<br \/>\nVarme : 24 V AC \/ DC, 25 VA<br \/>\nElektrisk tilslutning : 19 polet stik<br \/>\nBeskyttelse : IP67<br \/>\nDimension : \u00d8 150 x 220\/175 mm<br \/>\nMontering Mast r\u00f8r : R 1\u00bd &#8220;(\u00d8 48,3 mm)<br \/>\nV\u00e6gt : ca. 900 g<br \/>\nTemperaturomr\u00e5de : -40 &#8230; 70 \u00b0 C<\/p>\n<p>&nbsp;<\/p>\n<p>Tekniske data :<\/p>\n<p>Vindhastighed :<br \/>\nM\u00e5leomr\u00e5de : 0 &#8230; 60 m \/ s<br \/>\nOpl\u00f8sning : 0,1 m \/ s<br \/>\nN\u00f8jagtighed : \u00b1 0,3 m \/ s rms @ WV \u2264 5 m \/ s \u00b1 3% rms @ WV&gt; 5 m \/ s \u00b1 3% rms f. Mv. @ WV&gt; 5 &#8230; 60 m \/ s<br \/>\nVindretning<br \/>\nM\u00e5leomr\u00e5de : 0 &#8230; 360 \u00b0<br \/>\nOpl\u00f8sning : 1\u00b0<br \/>\nN\u00f8jagtighed : \u00b1 2\u00b0 @ WG&gt; 2 m \/ s<br \/>\nAkustisk-virtuel temperatur<br \/>\nM\u00e5leomr\u00e5de : -40 &#8230; 80 \u00b0 C<br \/>\nOpl\u00f8sning : 0,1 K<br \/>\nN\u00f8jagtighed : \u00b1 0,5 K<\/p>\n<p>Lufttemperatur<br \/>\nM\u00e5leomr\u00e5de : -40 &#8230; 80 \u00b0 C<br \/>\nOpl\u00f8sning : 0,1 K<br \/>\nN\u00f8jagtighed : \u00b1 0,3 K ved 25 \u00b0 C<\/p>\n<p>Relativ luftfugtighed<br \/>\nM\u00e5leomr\u00e5de : 0 &#8230; 100% rel. Fugtighed<br \/>\nOpl\u00f8sning : 0,1%<br \/>\nN\u00f8jagtighed : \u00b1 1,8% @ 10 &#8230; 90%<\/p>\n<p>Lufttryk (Barometrisk tryk)<br \/>\nM\u00e5leomr\u00e5de : 300 &#8230; 1100 hPa<br \/>\nOpl\u00f8sning : 0,1 hPa<br \/>\nN\u00f8jagtighed : 0,25 hPa @ 10 &#8230; 35 \u00b0 C<\/p>\n<p>Lysstyrke<br \/>\nM\u00e5leomr\u00e5de : 0 &#8230; 150 kLux<br \/>\nOpl\u00f8sning : 0,3% af meas. v\u00e6rdi<br \/>\nN\u00f8jagtighed : \u00b1 3% af meas. v\u00e6rdi<\/p>\n<p>Nedb\u00f8r intensitet<br \/>\nM\u00e5leomr\u00e5de : 0 &#8230; 999 mm \/ h<br \/>\nOpl\u00f8sning : 0,001 mm \/ time<br \/>\nType af nedb\u00f8r : Regn, sne, slud, iskrystaller, hagl<br \/>\nDigital interface<br \/>\nInterface : RS485 \/ RS422<br \/>\nBaud rate : 1200 &#8230; 921600 baud<br \/>\nProtokol ASCII : (Thies-format), MODBUS RTU<\/p>\n<p>Analog udgang<br \/>\nUdgang : Op til 8&#215;0-10 VDC, galvanisk isoleret fra forsyningen<\/p>\n","protected":false},"excerpt":{"rendered":"<p>Clima Sense Vejrstation \u2022 Vindhastighed \u2022 Vindretning \u2022 Nedb\u00f8r \u2022 Lysstyrke \u2022 Lufttemperatur \u2022 Relativ luftfugtighed \u2022 Barometrisk tryk \u2022 GPS-modtager \u2022 Magnetisk kompas P\u00e5 baggrund af de m\u00e5lte v\u00e6rdier&#8230;<\/p>\n","protected":false},"featured_media":634,"template":"","meta":{"_acf_changed":false,"_nectar_blocks_hide_post_title":false,"_nectar_blocks_transparent_header_effect":false,"_nectar_blocks_transparent_header_effect_color":"light","_nectar_blocks_header_animation":false,"_nectar_blocks_header_animation_delay":0,"_nectar_blocks_header_animation_effect":"fade","_nectar_blocks_page_css":"","_nectar_blocks_page_js":""},"brancher":[],"leverandorer":[407],"produkt_kategorier":[418],"produktomraader":[542,590,592,594],"product_brand":[],"product_cat":[],"product_tag":[],"class_list":{"0":"post-2096","1":"product","2":"type-product","3":"status-publish","4":"has-post-thumbnail","6":"leverandorer-thies-clima-en","7":"produkt_kategorier-weather-stations","8":"produktomraader-weather-stations","9":"produktomraader-elektronisk-en","10":"produktomraader-nedboersmaaling-en","11":"produktomraader-solhoejde-en","13":"first","14":"instock","15":"shipping-taxable","16":"product-type-simple"},"acf":[],"_links":{"self":[{"href":"https:\/\/summit.dk\/en\/wp-json\/wp\/v2\/product\/2096","targetHints":{"allow":["GET"]}}],"collection":[{"href":"https:\/\/summit.dk\/en\/wp-json\/wp\/v2\/product"}],"about":[{"href":"https:\/\/summit.dk\/en\/wp-json\/wp\/v2\/types\/product"}],"wp:featuredmedia":[{"embeddable":true,"href":"https:\/\/summit.dk\/en\/wp-json\/wp\/v2\/media\/634"}],"wp:attachment":[{"href":"https:\/\/summit.dk\/en\/wp-json\/wp\/v2\/media?parent=2096"}],"wp:term":[{"taxonomy":"brancher","embeddable":true,"href":"https:\/\/summit.dk\/en\/wp-json\/wp\/v2\/brancher?post=2096"},{"taxonomy":"leverandorer","embeddable":true,"href":"https:\/\/summit.dk\/en\/wp-json\/wp\/v2\/leverandorer?post=2096"},{"taxonomy":"produkt_kategorier","embeddable":true,"href":"https:\/\/summit.dk\/en\/wp-json\/wp\/v2\/produkt_kategorier?post=2096"},{"taxonomy":"produktomraader","embeddable":true,"href":"https:\/\/summit.dk\/en\/wp-json\/wp\/v2\/produktomraader?post=2096"},{"taxonomy":"product_brand","embeddable":true,"href":"https:\/\/summit.dk\/en\/wp-json\/wp\/v2\/product_brand?post=2096"},{"taxonomy":"product_cat","embeddable":true,"href":"https:\/\/summit.dk\/en\/wp-json\/wp\/v2\/product_cat?post=2096"},{"taxonomy":"product_tag","embeddable":true,"href":"https:\/\/summit.dk\/en\/wp-json\/wp\/v2\/product_tag?post=2096"}],"curies":[{"name":"wp","href":"https:\/\/api.w.org\/{rel}","templated":true}]}}