{"id":2091,"date":"2019-09-18T20:52:43","date_gmt":"2019-09-18T20:52:43","guid":{"rendered":"https:\/\/summit.dk\/produkter\/stainless-steel-static-pressure-tips-accessories\/"},"modified":"2019-10-29T13:59:34","modified_gmt":"2019-10-29T13:59:34","slug":"stainless-steel-static-pressure-tips-accessories","status":"publish","type":"product","link":"https:\/\/summit.dk\/en\/vare\/stainless-steel-static-pressure-tips-accessories\/","title":{"rendered":"Rustfrit st\u00e5l- statisk tryk Tips &amp; tilbeh\u00f8r"},"content":{"rendered":"<h2>Dwyer<\/h2>\n<p><span lang=\"da\">Disse sensorer er beregnet til brug med manometre, Magnehelic\u00ae Gages, Pressostater og andre controllere til at opsamle, eller fornemme statisk trykfald over luftfiltre og k\u00f8lespiraler, bl\u00e6ser input og afgangstryk etc. <\/span><\/p>\n<p><span lang=\"da\">De vinklede tips har 4 &#8221; inds\u00e6ttelse dybde. Hver har fire radialt borede .040 &#8221; sensing huller. Alle undtaget Model A &#8211; 303 monteret i 3\/8 &#8220;hul i kanalen. <\/span><\/p>\n<p><span lang=\"da\">For b\u00e6rbar brug, en magnet holder No. A &#8211; 303 p\u00e5 plads nr. A- 305 anvendes hvor en meget lav aktivering eller m\u00e5lespidsen er p\u00e5kr\u00e6vet p\u00e5 en pressostat eller M\u00e5ler, eller hvor svartiden er kritisk. <\/span><\/p>\n<p><span lang=\"da\">No. A- 307 og A &#8211; 308 er egnet til brug i lav vandhastigheds systemer eller hvor behovet for n\u00f8jagtighed er mindre kritisk .<\/span><\/p>\n","protected":false},"excerpt":{"rendered":"<p>Dwyer Disse sensorer er beregnet til brug med manometre, Magnehelic\u00ae Gages, Pressostater og andre controllere til at opsamle, eller fornemme statisk trykfald over luftfiltre og k\u00f8lespiraler, bl\u00e6ser input og afgangstryk&#8230;<\/p>\n","protected":false},"featured_media":616,"template":"","meta":{"_acf_changed":false,"_nectar_blocks_hide_post_title":false,"_nectar_blocks_transparent_header_effect":false,"_nectar_blocks_transparent_header_effect_color":"light","_nectar_blocks_header_animation":false,"_nectar_blocks_header_animation_delay":0,"_nectar_blocks_header_animation_effect":"fade","_nectar_blocks_page_css":"","_nectar_blocks_page_js":""},"brancher":[444,471,598],"leverandorer":[332],"produkt_kategorier":[412],"produktomraader":[549],"product_brand":[],"product_cat":[],"product_tag":[],"class_list":{"0":"post-2091","1":"product","2":"type-product","3":"status-publish","4":"has-post-thumbnail","6":"brancher-industri-en","7":"brancher-foodpharma-en","8":"brancher-ventilation-en","9":"leverandorer-dwyer-en","10":"produkt_kategorier-tryk-en","11":"produktomraader-accessories","13":"first","14":"instock","15":"shipping-taxable","16":"product-type-simple"},"acf":[],"_links":{"self":[{"href":"https:\/\/summit.dk\/en\/wp-json\/wp\/v2\/product\/2091","targetHints":{"allow":["GET"]}}],"collection":[{"href":"https:\/\/summit.dk\/en\/wp-json\/wp\/v2\/product"}],"about":[{"href":"https:\/\/summit.dk\/en\/wp-json\/wp\/v2\/types\/product"}],"wp:featuredmedia":[{"embeddable":true,"href":"https:\/\/summit.dk\/en\/wp-json\/wp\/v2\/media\/616"}],"wp:attachment":[{"href":"https:\/\/summit.dk\/en\/wp-json\/wp\/v2\/media?parent=2091"}],"wp:term":[{"taxonomy":"brancher","embeddable":true,"href":"https:\/\/summit.dk\/en\/wp-json\/wp\/v2\/brancher?post=2091"},{"taxonomy":"leverandorer","embeddable":true,"href":"https:\/\/summit.dk\/en\/wp-json\/wp\/v2\/leverandorer?post=2091"},{"taxonomy":"produkt_kategorier","embeddable":true,"href":"https:\/\/summit.dk\/en\/wp-json\/wp\/v2\/produkt_kategorier?post=2091"},{"taxonomy":"produktomraader","embeddable":true,"href":"https:\/\/summit.dk\/en\/wp-json\/wp\/v2\/produktomraader?post=2091"},{"taxonomy":"product_brand","embeddable":true,"href":"https:\/\/summit.dk\/en\/wp-json\/wp\/v2\/product_brand?post=2091"},{"taxonomy":"product_cat","embeddable":true,"href":"https:\/\/summit.dk\/en\/wp-json\/wp\/v2\/product_cat?post=2091"},{"taxonomy":"product_tag","embeddable":true,"href":"https:\/\/summit.dk\/en\/wp-json\/wp\/v2\/product_tag?post=2091"}],"curies":[{"name":"wp","href":"https:\/\/api.w.org\/{rel}","templated":true}]}}