{"id":2088,"date":"2019-09-18T20:25:17","date_gmt":"2019-09-18T20:25:17","guid":{"rendered":"https:\/\/summit.dk\/produkter\/series-aqti-aqtip-air-quality-test-instrument-kits-2\/"},"modified":"2019-10-29T14:01:38","modified_gmt":"2019-10-29T14:01:38","slug":"series-aqti-aqtip-air-quality-test-instrument-kits-2","status":"publish","type":"product","link":"https:\/\/summit.dk\/en\/vare\/series-aqti-aqtip-air-quality-test-instrument-kits-2\/","title":{"rendered":"Series AQTI\/AQTIP Luftkvalitet Test Instrument Kits"},"content":{"rendered":"<p><span lang=\"da\">Serie- AQTI luftkvalitet testinstrumenter kombinere alsidige model UHH h\u00e5ndholdt base med forskellige kompatible sonder og moduler.<\/span><\/p>\n<p><span lang=\"da\"> Denne alsidige kombination giver en linje af instrumenter, der kan str\u00f8mline en teknikers daglige test ved at kombinere alt i \u00e9t produkt. Alle kompatible sonder og moduler kan v\u00e6re felt tilpasset p\u00e5 ethvert tidspunkt, og er anerkendt af UHH h\u00e5ndholdt basis instrument. <\/span><\/p>\n<p><span lang=\"da\">Plug and play sonder tillader brugeren at k\u00f8re gennem forskellige tests, hvilket eliminerer behovet for at skifte instrumenter og huske, hvordan du navigere alt de forskellige udstyr fra flere leverand\u00f8rer, hvilket reducerer tid og forenkle driften. <\/span><\/p>\n<p><span lang=\"da\">Serie AQTI Air Quality Test Instruments kommer f\u00e6rdigpakket i differenstryk, termo- vindm\u00e5ler, eller termo- hygrometer probe kits. Yderligere kablede og tr\u00e5dl\u00f8se prober kan bestilles s\u00e6rskilt at skabe en tilpasset test pakke, der passer til dine behov.<\/span><\/p>\n","protected":false},"excerpt":{"rendered":"<p>Serie- AQTI luftkvalitet testinstrumenter kombinere alsidige model UHH h\u00e5ndholdt base med forskellige kompatible sonder og moduler. Denne alsidige kombination giver en linje af instrumenter, der kan str\u00f8mline en teknikers daglige&#8230;<\/p>\n","protected":false},"featured_media":556,"template":"","meta":{"_acf_changed":false,"_nectar_blocks_hide_post_title":false,"_nectar_blocks_transparent_header_effect":false,"_nectar_blocks_transparent_header_effect_color":"light","_nectar_blocks_header_animation":false,"_nectar_blocks_header_animation_delay":0,"_nectar_blocks_header_animation_effect":"fade","_nectar_blocks_page_css":"","_nectar_blocks_page_js":""},"brancher":[443,444,445,446,471,550,551,598],"leverandorer":[332],"produkt_kategorier":[413,416,430],"produktomraader":[537],"product_brand":[],"product_cat":[],"product_tag":[],"class_list":{"0":"post-2088","1":"product","2":"type-product","3":"status-publish","4":"has-post-thumbnail","6":"brancher-hydraulic-en","7":"brancher-industri-en","8":"brancher-marine-en","9":"brancher-offshore-en","10":"brancher-foodpharma-en","11":"brancher-landbrug-en","12":"brancher-offshore-petro-kemi","13":"brancher-ventilation-en","14":"leverandorer-dwyer-en","15":"produkt_kategorier-luftgas-en","16":"produkt_kategorier-air-quality","17":"produkt_kategorier-flow-en","18":"produktomraader-handheld-instruments","20":"first","21":"instock","22":"shipping-taxable","23":"product-type-simple"},"acf":[],"_links":{"self":[{"href":"https:\/\/summit.dk\/en\/wp-json\/wp\/v2\/product\/2088","targetHints":{"allow":["GET"]}}],"collection":[{"href":"https:\/\/summit.dk\/en\/wp-json\/wp\/v2\/product"}],"about":[{"href":"https:\/\/summit.dk\/en\/wp-json\/wp\/v2\/types\/product"}],"wp:featuredmedia":[{"embeddable":true,"href":"https:\/\/summit.dk\/en\/wp-json\/wp\/v2\/media\/556"}],"wp:attachment":[{"href":"https:\/\/summit.dk\/en\/wp-json\/wp\/v2\/media?parent=2088"}],"wp:term":[{"taxonomy":"brancher","embeddable":true,"href":"https:\/\/summit.dk\/en\/wp-json\/wp\/v2\/brancher?post=2088"},{"taxonomy":"leverandorer","embeddable":true,"href":"https:\/\/summit.dk\/en\/wp-json\/wp\/v2\/leverandorer?post=2088"},{"taxonomy":"produkt_kategorier","embeddable":true,"href":"https:\/\/summit.dk\/en\/wp-json\/wp\/v2\/produkt_kategorier?post=2088"},{"taxonomy":"produktomraader","embeddable":true,"href":"https:\/\/summit.dk\/en\/wp-json\/wp\/v2\/produktomraader?post=2088"},{"taxonomy":"product_brand","embeddable":true,"href":"https:\/\/summit.dk\/en\/wp-json\/wp\/v2\/product_brand?post=2088"},{"taxonomy":"product_cat","embeddable":true,"href":"https:\/\/summit.dk\/en\/wp-json\/wp\/v2\/product_cat?post=2088"},{"taxonomy":"product_tag","embeddable":true,"href":"https:\/\/summit.dk\/en\/wp-json\/wp\/v2\/product_tag?post=2088"}],"curies":[{"name":"wp","href":"https:\/\/api.w.org\/{rel}","templated":true}]}}