{"id":2087,"date":"2019-09-18T20:23:21","date_gmt":"2019-09-18T20:23:21","guid":{"rendered":"https:\/\/summit.dk\/produkter\/series-ap2-thermo-anemometer-probe-2\/"},"modified":"2019-10-29T14:00:56","modified_gmt":"2019-10-29T14:00:56","slug":"series-ap2-thermo-anemometer-probe-2","status":"publish","type":"product","link":"https:\/\/summit.dk\/en\/vare\/series-ap2-thermo-anemometer-probe-2\/","title":{"rendered":"Serie-AP2 Thermo-Anemometer Probe"},"content":{"rendered":"<p>Serien AP2 Wireless Thermo-Anemometer Probe m\u00e5ler lufthastighed, luftstr\u00f8m og temperatur, n\u00e5r den kombineres med den h\u00e5ndholdte Model UHH2 Universal. For at undg\u00e5 skader p\u00e5 sensorelementet har sonden en beskyttelsesmuffe, der glider over sensoren, n\u00e5r den ikke er i brug.<\/p>\n<p>M\u00e6rkninger p\u00e5 sonden giver brugerne mulighed for at kende inds\u00e6tningsdybden for at opn\u00e5 bedre n\u00f8jagtighed, n\u00e5r man passerer kanalen.<\/p>\n<p>Tr\u00e5dl\u00f8se sonder kan tage m\u00e5linger op til 50 meter v\u00e6k fra UHH2. En bicolor LED blinker p\u00e5 sondens h\u00e5ndtag for at indikere kommunikationsstatus med UHH2. Batteriet kan genoplades via mini-USB-stikket p\u00e5 undersiden af \u200b\u200bsonden.<\/p>\n","protected":false},"excerpt":{"rendered":"<p>Serien AP2 Wireless Thermo-Anemometer Probe m\u00e5ler lufthastighed, luftstr\u00f8m og temperatur, n\u00e5r den kombineres med den h\u00e5ndholdte Model UHH2 Universal. For at undg\u00e5 skader p\u00e5 sensorelementet har sonden en beskyttelsesmuffe, der&#8230;<\/p>\n","protected":false},"featured_media":584,"template":"","meta":{"_acf_changed":false,"_nectar_blocks_hide_post_title":false,"_nectar_blocks_transparent_header_effect":false,"_nectar_blocks_transparent_header_effect_color":"light","_nectar_blocks_header_animation":false,"_nectar_blocks_header_animation_delay":0,"_nectar_blocks_header_animation_effect":"fade","_nectar_blocks_page_css":"","_nectar_blocks_page_js":""},"brancher":[443,444,445,446,471,550,551,598],"leverandorer":[332],"produkt_kategorier":[428,430],"produktomraader":[537],"product_brand":[],"product_cat":[],"product_tag":[],"class_list":{"0":"post-2087","1":"product","2":"type-product","3":"status-publish","4":"has-post-thumbnail","6":"brancher-hydraulic-en","7":"brancher-industri-en","8":"brancher-marine-en","9":"brancher-offshore-en","10":"brancher-foodpharma-en","11":"brancher-landbrug-en","12":"brancher-offshore-petro-kemi","13":"brancher-ventilation-en","14":"leverandorer-dwyer-en","15":"produkt_kategorier-handheld-instruments","16":"produkt_kategorier-flow-en","17":"produktomraader-handheld-instruments","19":"first","20":"instock","21":"shipping-taxable","22":"product-type-simple"},"acf":[],"_links":{"self":[{"href":"https:\/\/summit.dk\/en\/wp-json\/wp\/v2\/product\/2087","targetHints":{"allow":["GET"]}}],"collection":[{"href":"https:\/\/summit.dk\/en\/wp-json\/wp\/v2\/product"}],"about":[{"href":"https:\/\/summit.dk\/en\/wp-json\/wp\/v2\/types\/product"}],"wp:featuredmedia":[{"embeddable":true,"href":"https:\/\/summit.dk\/en\/wp-json\/wp\/v2\/media\/584"}],"wp:attachment":[{"href":"https:\/\/summit.dk\/en\/wp-json\/wp\/v2\/media?parent=2087"}],"wp:term":[{"taxonomy":"brancher","embeddable":true,"href":"https:\/\/summit.dk\/en\/wp-json\/wp\/v2\/brancher?post=2087"},{"taxonomy":"leverandorer","embeddable":true,"href":"https:\/\/summit.dk\/en\/wp-json\/wp\/v2\/leverandorer?post=2087"},{"taxonomy":"produkt_kategorier","embeddable":true,"href":"https:\/\/summit.dk\/en\/wp-json\/wp\/v2\/produkt_kategorier?post=2087"},{"taxonomy":"produktomraader","embeddable":true,"href":"https:\/\/summit.dk\/en\/wp-json\/wp\/v2\/produktomraader?post=2087"},{"taxonomy":"product_brand","embeddable":true,"href":"https:\/\/summit.dk\/en\/wp-json\/wp\/v2\/product_brand?post=2087"},{"taxonomy":"product_cat","embeddable":true,"href":"https:\/\/summit.dk\/en\/wp-json\/wp\/v2\/product_cat?post=2087"},{"taxonomy":"product_tag","embeddable":true,"href":"https:\/\/summit.dk\/en\/wp-json\/wp\/v2\/product_tag?post=2087"}],"curies":[{"name":"wp","href":"https:\/\/api.w.org\/{rel}","templated":true}]}}