{"id":2086,"date":"2019-09-18T20:14:52","date_gmt":"2019-09-18T20:14:52","guid":{"rendered":"https:\/\/summit.dk\/produkter\/series-477av-handheld-digital-manometer-2\/"},"modified":"2019-10-29T14:00:18","modified_gmt":"2019-10-29T14:00:18","slug":"series-477av-handheld-digital-manometer-2","status":"publish","type":"product","link":"https:\/\/summit.dk\/en\/vare\/series-477av-handheld-digital-manometer-2\/","title":{"rendered":"Serie &#8211; 477AV H\u00e5ndholdt Digital Manometer"},"content":{"rendered":"<p>Serien 477AV Handheld Digital Manometer f\u00e5s nu med tryk, flow, og hastighedsm\u00e5linger sammen med en r\u00e6kke andre praktiske funktioner. De indbyggede luft hastighed og flow beregninger giver n\u00f8jagtighed og spare tid og fejl i forbindelse med manuelle beregninger.<\/p>\n<p>Ogs\u00e5 p\u00e5 denne enhed er justerbare nul og span v\u00e6rdier for kalibrering i marken, samt et d\u00e6mpende funktion til at kompensere for den fluktuerende afl\u00e6sning.<\/p>\n<p><iframe loading=\"lazy\" src=\"https:\/\/www.youtube.com\/embed\/u_2LSagw9Rk?rel=0&amp;showinfo=0\" width=\"560\" height=\"315\" frameborder=\"0\" allowfullscreen=\"allowfullscreen\"><\/iframe><\/p>\n","protected":false},"excerpt":{"rendered":"<p>Serien 477AV Handheld Digital Manometer f\u00e5s nu med tryk, flow, og hastighedsm\u00e5linger sammen med en r\u00e6kke andre praktiske funktioner. De indbyggede luft hastighed og flow beregninger giver n\u00f8jagtighed og spare&#8230;<\/p>\n","protected":false},"featured_media":536,"template":"","meta":{"_acf_changed":false,"_nectar_blocks_hide_post_title":false,"_nectar_blocks_transparent_header_effect":false,"_nectar_blocks_transparent_header_effect_color":"light","_nectar_blocks_header_animation":false,"_nectar_blocks_header_animation_delay":0,"_nectar_blocks_header_animation_effect":"fade","_nectar_blocks_page_css":"","_nectar_blocks_page_js":""},"brancher":[444,471,598],"leverandorer":[332],"produkt_kategorier":[412,413,414,429,430],"produktomraader":[537],"product_brand":[],"product_cat":[],"product_tag":[],"class_list":{"0":"post-2086","1":"product","2":"type-product","3":"status-publish","4":"has-post-thumbnail","6":"brancher-industri-en","7":"brancher-foodpharma-en","8":"brancher-ventilation-en","9":"leverandorer-dwyer-en","10":"produkt_kategorier-tryk-en","11":"produkt_kategorier-luftgas-en","12":"produkt_kategorier-hvac-komponenents","13":"produkt_kategorier-differential","14":"produkt_kategorier-flow-en","15":"produktomraader-handheld-instruments","17":"first","18":"instock","19":"shipping-taxable","20":"product-type-simple"},"acf":[],"_links":{"self":[{"href":"https:\/\/summit.dk\/en\/wp-json\/wp\/v2\/product\/2086","targetHints":{"allow":["GET"]}}],"collection":[{"href":"https:\/\/summit.dk\/en\/wp-json\/wp\/v2\/product"}],"about":[{"href":"https:\/\/summit.dk\/en\/wp-json\/wp\/v2\/types\/product"}],"wp:featuredmedia":[{"embeddable":true,"href":"https:\/\/summit.dk\/en\/wp-json\/wp\/v2\/media\/536"}],"wp:attachment":[{"href":"https:\/\/summit.dk\/en\/wp-json\/wp\/v2\/media?parent=2086"}],"wp:term":[{"taxonomy":"brancher","embeddable":true,"href":"https:\/\/summit.dk\/en\/wp-json\/wp\/v2\/brancher?post=2086"},{"taxonomy":"leverandorer","embeddable":true,"href":"https:\/\/summit.dk\/en\/wp-json\/wp\/v2\/leverandorer?post=2086"},{"taxonomy":"produkt_kategorier","embeddable":true,"href":"https:\/\/summit.dk\/en\/wp-json\/wp\/v2\/produkt_kategorier?post=2086"},{"taxonomy":"produktomraader","embeddable":true,"href":"https:\/\/summit.dk\/en\/wp-json\/wp\/v2\/produktomraader?post=2086"},{"taxonomy":"product_brand","embeddable":true,"href":"https:\/\/summit.dk\/en\/wp-json\/wp\/v2\/product_brand?post=2086"},{"taxonomy":"product_cat","embeddable":true,"href":"https:\/\/summit.dk\/en\/wp-json\/wp\/v2\/product_cat?post=2086"},{"taxonomy":"product_tag","embeddable":true,"href":"https:\/\/summit.dk\/en\/wp-json\/wp\/v2\/product_tag?post=2086"}],"curies":[{"name":"wp","href":"https:\/\/api.w.org\/{rel}","templated":true}]}}