{"id":2079,"date":"2019-09-18T18:08:17","date_gmt":"2019-09-18T18:08:17","guid":{"rendered":"https:\/\/summit.dk\/produkter\/model-vp2-100-mm-vane-thermo-anemometer-probe-2\/"},"modified":"2019-10-29T13:57:43","modified_gmt":"2019-10-29T13:57:43","slug":"model-vp2-100-mm-vane-thermo-anemometer-probe-2","status":"publish","type":"product","link":"https:\/\/summit.dk\/en\/vare\/model-vp2-100-mm-vane-thermo-anemometer-probe-2\/","title":{"rendered":"Model VP2 100 mm Vane Thermo-Anemometer Probe"},"content":{"rendered":"<p>Model VP2 Wireless 100 mm Vane Thermo-Anemometer Probe m\u00e5ler lufthastighed, luftstr\u00f8m, fugtighed og temperatur, n\u00e5r det kombineres med med den h\u00e5ndholdte Model UHH2 Universal.<\/p>\n<p>Ved at have en st\u00f8rre diameter er den roterende skovl i stand til at m\u00e5le hastigheder ned til 50 fpm eller 0,25 m \/ s. En pil er st\u00f8bt i huset for at skildre str\u00f8mningsretningen.<\/p>\n","protected":false},"excerpt":{"rendered":"<p>Model VP2 Wireless 100 mm Vane Thermo-Anemometer Probe m\u00e5ler lufthastighed, luftstr\u00f8m, fugtighed og temperatur, n\u00e5r det kombineres med med den h\u00e5ndholdte Model UHH2 Universal. Ved at have en st\u00f8rre diameter&#8230;<\/p>\n","protected":false},"featured_media":589,"template":"","meta":{"_acf_changed":false,"_nectar_blocks_hide_post_title":false,"_nectar_blocks_transparent_header_effect":false,"_nectar_blocks_transparent_header_effect_color":"light","_nectar_blocks_header_animation":false,"_nectar_blocks_header_animation_delay":0,"_nectar_blocks_header_animation_effect":"fade","_nectar_blocks_page_css":"","_nectar_blocks_page_js":""},"brancher":[444,471,598],"leverandorer":[332],"produkt_kategorier":[419,421,428,430,431],"produktomraader":[537],"product_brand":[],"product_cat":[],"product_tag":[],"class_list":{"0":"post-2079","1":"product","2":"type-product","3":"status-publish","4":"has-post-thumbnail","6":"brancher-industri-en","7":"brancher-foodpharma-en","8":"brancher-ventilation-en","9":"leverandorer-dwyer-en","10":"produkt_kategorier-moisture-measurement","11":"produkt_kategorier-liquid","12":"produkt_kategorier-handheld-instruments","13":"produkt_kategorier-flow-en","14":"produkt_kategorier-temperature","15":"produktomraader-handheld-instruments","17":"first","18":"instock","19":"shipping-taxable","20":"product-type-simple"},"acf":[],"_links":{"self":[{"href":"https:\/\/summit.dk\/en\/wp-json\/wp\/v2\/product\/2079","targetHints":{"allow":["GET"]}}],"collection":[{"href":"https:\/\/summit.dk\/en\/wp-json\/wp\/v2\/product"}],"about":[{"href":"https:\/\/summit.dk\/en\/wp-json\/wp\/v2\/types\/product"}],"wp:featuredmedia":[{"embeddable":true,"href":"https:\/\/summit.dk\/en\/wp-json\/wp\/v2\/media\/589"}],"wp:attachment":[{"href":"https:\/\/summit.dk\/en\/wp-json\/wp\/v2\/media?parent=2079"}],"wp:term":[{"taxonomy":"brancher","embeddable":true,"href":"https:\/\/summit.dk\/en\/wp-json\/wp\/v2\/brancher?post=2079"},{"taxonomy":"leverandorer","embeddable":true,"href":"https:\/\/summit.dk\/en\/wp-json\/wp\/v2\/leverandorer?post=2079"},{"taxonomy":"produkt_kategorier","embeddable":true,"href":"https:\/\/summit.dk\/en\/wp-json\/wp\/v2\/produkt_kategorier?post=2079"},{"taxonomy":"produktomraader","embeddable":true,"href":"https:\/\/summit.dk\/en\/wp-json\/wp\/v2\/produktomraader?post=2079"},{"taxonomy":"product_brand","embeddable":true,"href":"https:\/\/summit.dk\/en\/wp-json\/wp\/v2\/product_brand?post=2079"},{"taxonomy":"product_cat","embeddable":true,"href":"https:\/\/summit.dk\/en\/wp-json\/wp\/v2\/product_cat?post=2079"},{"taxonomy":"product_tag","embeddable":true,"href":"https:\/\/summit.dk\/en\/wp-json\/wp\/v2\/product_tag?post=2079"}],"curies":[{"name":"wp","href":"https:\/\/api.w.org\/{rel}","templated":true}]}}