{"id":2076,"date":"2019-09-18T18:04:04","date_gmt":"2019-09-18T18:04:04","guid":{"rendered":"https:\/\/summit.dk\/produkter\/model-uhh-universal-handheld-test-instrument-2\/"},"modified":"2019-10-29T13:57:21","modified_gmt":"2019-10-29T13:57:21","slug":"model-uhh-universal-handheld-test-instrument-2","status":"publish","type":"product","link":"https:\/\/summit.dk\/en\/vare\/model-uhh-universal-handheld-test-instrument-2\/","title":{"rendered":"Model UHH Universal H\u00e5ndholdt Test Instrument"},"content":{"rendered":"<p><span lang=\"da\">Model UHH Universal H\u00e5ndholdt Test Instrument er et meget alsidigt instrument, der giver den st\u00f8rste fleksibilitet og brugervenlighed. Den giver brugeren evnen til at arbejde med en bred vifte af Dwyer Instruments, Inc. kompatibel sensing moduler og sonder. <\/span><\/p>\n<p><span lang=\"da\">Yderligere kablede og tr\u00e5dl\u00f8se prober eller moduler er \u00f8jeblikkeligt anerkendt af UHH uden brugerinput omprogrammering eller \u00e6ndring, s\u00e5 gnidningsl\u00f8s sensor kommer, opgradering eller udskiftning. Se AQTI \/ AQTIP Series i Dwyer Instruments, Inc. katalog eller hjemmeside www.dwyer-inst.com efter tilg\u00e6ngelige pakker og sensorer. Den universelle H\u00e5ndholdt tilbyder en masse funktioner, der g\u00f8r det muligt en tekniker til hurtigt oprette og intuitivt navigere gennem deres daglige aktiviteter. <\/span><\/p>\n<p><span lang=\"da\">Data gemmes via den interne hukommelse eller separat SD-kort i forskellige auto eller manuel skovhugst. Loggede filer kan hurtigt overf\u00f8res til en enhed via et USB-kabel eller ved en b\u00e6rbar SD-kort. Displayet kan fungere i standard numerisk meter tilstand, gage tilstand med analog n\u00e5l, gage tilstand med yderligere best\u00e5et \/ ikke best\u00e5et drift zoner, og strimmelskriver tilstand, som muligg\u00f8r en forenklet visuel sporing af processen. <\/span><\/p>\n<p><span lang=\"da\">De fire retningsbestemte knapper, kombineret med de tre bl\u00f8de knapper der tilpasser til tilsvarende sk\u00e6rm funktioner, giver mulighed for hurtig navigation gennem de fire vigtigste operation menuer. Den robuste plast tilf\u00e6ldet med beskyttende termo-plast over-skimmel, sammen med st\u00f8v-afsk\u00e6rmning gummi h\u00e6tter, tillade enheden at h\u00e5ndtere misbrug og korrekt modst\u00e5 st\u00f8vede omgivelser. Basen UHH omfatter en integreret st\u00f8bt rum, der sikkert holder tr\u00e5dl\u00f8se moduler. Opbevaringsrummet tilbyder bekvem transport af et modul med basen instrumentet under test. <\/span><\/p>\n<p><span lang=\"da\">En fleksibel h\u00e5ndledsrem inkluderet med hver UHH giver midler til basen h\u00e5ndholdte til sikkert forbundet til et b\u00e6lte, r\u00f8r, stige eller lignende struktur frig\u00f8r brugerens h\u00e6nder til at fokusere p\u00e5 test pr\u00f8vetagning. En 6-bens stik muligg\u00f8r en kabelforbundet sonde p\u00e5 et tidspunkt at blive sluttet til basen instrument uden at bekymre dig for at blive afbrudt under pr\u00f8vetagning. Det genopladelige batteri via det medf\u00f8lgende USB-kabel giver langsigtet drift til at vare gennem flere dage arbejde. P\u00e5 lige under 10 ounce, den kompakte UHH base er let. Inkluderet med UHH er en bl\u00f8d b\u00e6retaske, der sikrer medf\u00f8lgende tilbeh\u00f8r og ekstra <\/span>test probe.<\/p>\n","protected":false},"excerpt":{"rendered":"<p>Model UHH Universal H\u00e5ndholdt Test Instrument er et meget alsidigt instrument, der giver den st\u00f8rste fleksibilitet og brugervenlighed. Den giver brugeren evnen til at arbejde med en bred vifte af&#8230;<\/p>\n","protected":false},"featured_media":561,"template":"","meta":{"_acf_changed":false,"_nectar_blocks_hide_post_title":false,"_nectar_blocks_transparent_header_effect":false,"_nectar_blocks_transparent_header_effect_color":"light","_nectar_blocks_header_animation":false,"_nectar_blocks_header_animation_delay":0,"_nectar_blocks_header_animation_effect":"fade","_nectar_blocks_page_css":"","_nectar_blocks_page_js":""},"brancher":[444,471,598],"leverandorer":[332],"produkt_kategorier":[413,416,428,430],"produktomraader":[537],"product_brand":[],"product_cat":[],"product_tag":[],"class_list":{"0":"post-2076","1":"product","2":"type-product","3":"status-publish","4":"has-post-thumbnail","6":"brancher-industri-en","7":"brancher-foodpharma-en","8":"brancher-ventilation-en","9":"leverandorer-dwyer-en","10":"produkt_kategorier-luftgas-en","11":"produkt_kategorier-air-quality","12":"produkt_kategorier-handheld-instruments","13":"produkt_kategorier-flow-en","14":"produktomraader-handheld-instruments","16":"first","17":"instock","18":"shipping-taxable","19":"product-type-simple"},"acf":[],"_links":{"self":[{"href":"https:\/\/summit.dk\/en\/wp-json\/wp\/v2\/product\/2076","targetHints":{"allow":["GET"]}}],"collection":[{"href":"https:\/\/summit.dk\/en\/wp-json\/wp\/v2\/product"}],"about":[{"href":"https:\/\/summit.dk\/en\/wp-json\/wp\/v2\/types\/product"}],"wp:featuredmedia":[{"embeddable":true,"href":"https:\/\/summit.dk\/en\/wp-json\/wp\/v2\/media\/561"}],"wp:attachment":[{"href":"https:\/\/summit.dk\/en\/wp-json\/wp\/v2\/media?parent=2076"}],"wp:term":[{"taxonomy":"brancher","embeddable":true,"href":"https:\/\/summit.dk\/en\/wp-json\/wp\/v2\/brancher?post=2076"},{"taxonomy":"leverandorer","embeddable":true,"href":"https:\/\/summit.dk\/en\/wp-json\/wp\/v2\/leverandorer?post=2076"},{"taxonomy":"produkt_kategorier","embeddable":true,"href":"https:\/\/summit.dk\/en\/wp-json\/wp\/v2\/produkt_kategorier?post=2076"},{"taxonomy":"produktomraader","embeddable":true,"href":"https:\/\/summit.dk\/en\/wp-json\/wp\/v2\/produktomraader?post=2076"},{"taxonomy":"product_brand","embeddable":true,"href":"https:\/\/summit.dk\/en\/wp-json\/wp\/v2\/product_brand?post=2076"},{"taxonomy":"product_cat","embeddable":true,"href":"https:\/\/summit.dk\/en\/wp-json\/wp\/v2\/product_cat?post=2076"},{"taxonomy":"product_tag","embeddable":true,"href":"https:\/\/summit.dk\/en\/wp-json\/wp\/v2\/product_tag?post=2076"}],"curies":[{"name":"wp","href":"https:\/\/api.w.org\/{rel}","templated":true}]}}