{"id":2074,"date":"2019-09-18T18:02:44","date_gmt":"2019-09-18T18:02:44","guid":{"rendered":"https:\/\/summit.dk\/produkter\/model-rp2-thermo-hygrometer-probe-2\/"},"modified":"2019-10-29T13:56:38","modified_gmt":"2019-10-29T13:56:38","slug":"model-rp2-thermo-hygrometer-probe-2","status":"publish","type":"product","link":"https:\/\/summit.dk\/en\/vare\/model-rp2-thermo-hygrometer-probe-2\/","title":{"rendered":"Model RP2 Thermo-Hygrometer Probe"},"content":{"rendered":"<p>Model RP2 Wireless Thermo-Hygrometer Probe m\u00e5ler relativ fugtighed, temperatur, dugpunkt og v\u00e5dtemperatur i kombination med Model UHH2 Universal Handheld.<\/p>\n<p>For at beskytte sensoren i h\u00f8jere luftstr\u00f8mskanaler leveres hver sonde med et membranfilter. Fabrikskalibrerede luftfugtighedsf\u00f8lere kan tilslutte sonden direkte uden at kr\u00e6ve yderligere kalibrering. Tr\u00e5dl\u00f8se sonder kan tage m\u00e5linger op til 50 meter v\u00e6k fra UHH2. En bicolor LED blinker p\u00e5 sondens h\u00e5ndtag for at indikere kommunikationsstatus med den h\u00e5ndholdte. Batteriet kan genoplades via mini-USB-stikket p\u00e5 undersiden af \u200b\u200bsonden.<\/p>\n","protected":false},"excerpt":{"rendered":"<p>Model RP2 Wireless Thermo-Hygrometer Probe m\u00e5ler relativ fugtighed, temperatur, dugpunkt og v\u00e5dtemperatur i kombination med Model UHH2 Universal Handheld. For at beskytte sensoren i h\u00f8jere luftstr\u00f8mskanaler leveres hver sonde med&#8230;<\/p>\n","protected":false},"featured_media":579,"template":"","meta":{"_acf_changed":false,"_nectar_blocks_hide_post_title":false,"_nectar_blocks_transparent_header_effect":false,"_nectar_blocks_transparent_header_effect_color":"light","_nectar_blocks_header_animation":false,"_nectar_blocks_header_animation_delay":0,"_nectar_blocks_header_animation_effect":"fade","_nectar_blocks_page_css":"","_nectar_blocks_page_js":""},"brancher":[444,471,598],"leverandorer":[332],"produkt_kategorier":[416,419,428,431],"produktomraader":[537],"product_brand":[],"product_cat":[],"product_tag":[],"class_list":{"0":"post-2074","1":"product","2":"type-product","3":"status-publish","4":"has-post-thumbnail","6":"brancher-industri-en","7":"brancher-foodpharma-en","8":"brancher-ventilation-en","9":"leverandorer-dwyer-en","10":"produkt_kategorier-air-quality","11":"produkt_kategorier-moisture-measurement","12":"produkt_kategorier-handheld-instruments","13":"produkt_kategorier-temperature","14":"produktomraader-handheld-instruments","16":"first","17":"instock","18":"shipping-taxable","19":"product-type-simple"},"acf":[],"_links":{"self":[{"href":"https:\/\/summit.dk\/en\/wp-json\/wp\/v2\/product\/2074","targetHints":{"allow":["GET"]}}],"collection":[{"href":"https:\/\/summit.dk\/en\/wp-json\/wp\/v2\/product"}],"about":[{"href":"https:\/\/summit.dk\/en\/wp-json\/wp\/v2\/types\/product"}],"wp:featuredmedia":[{"embeddable":true,"href":"https:\/\/summit.dk\/en\/wp-json\/wp\/v2\/media\/579"}],"wp:attachment":[{"href":"https:\/\/summit.dk\/en\/wp-json\/wp\/v2\/media?parent=2074"}],"wp:term":[{"taxonomy":"brancher","embeddable":true,"href":"https:\/\/summit.dk\/en\/wp-json\/wp\/v2\/brancher?post=2074"},{"taxonomy":"leverandorer","embeddable":true,"href":"https:\/\/summit.dk\/en\/wp-json\/wp\/v2\/leverandorer?post=2074"},{"taxonomy":"produkt_kategorier","embeddable":true,"href":"https:\/\/summit.dk\/en\/wp-json\/wp\/v2\/produkt_kategorier?post=2074"},{"taxonomy":"produktomraader","embeddable":true,"href":"https:\/\/summit.dk\/en\/wp-json\/wp\/v2\/produktomraader?post=2074"},{"taxonomy":"product_brand","embeddable":true,"href":"https:\/\/summit.dk\/en\/wp-json\/wp\/v2\/product_brand?post=2074"},{"taxonomy":"product_cat","embeddable":true,"href":"https:\/\/summit.dk\/en\/wp-json\/wp\/v2\/product_cat?post=2074"},{"taxonomy":"product_tag","embeddable":true,"href":"https:\/\/summit.dk\/en\/wp-json\/wp\/v2\/product_tag?post=2074"}],"curies":[{"name":"wp","href":"https:\/\/api.w.org\/{rel}","templated":true}]}}