{"id":2072,"date":"2019-09-18T17:59:21","date_gmt":"2019-09-18T17:59:21","guid":{"rendered":"https:\/\/summit.dk\/produkter\/model-lpcp-low-pressure-calibration-pump-2\/"},"modified":"2019-10-29T13:55:57","modified_gmt":"2019-10-29T13:55:57","slug":"model-lpcp-low-pressure-calibration-pump-2","status":"publish","type":"product","link":"https:\/\/summit.dk\/en\/vare\/model-lpcp-low-pressure-calibration-pump-2\/","title":{"rendered":"Model LPCP Lavtryks Kalibrerings pumpe"},"content":{"rendered":"<p>Model LPCP lavtryks kalibrerings pumpe er en lav lufttryk kilde med evnen til nemt at justere og stabilisere. Denne h\u00e5ndpumpe har et trykomr\u00e5de p\u00e5 \u00b1 5,8 psi; bruger luft som medier og kan nemt justere trykket med stor stabilitet.<\/p>\n<p>LPCP best\u00e5r af hurtigstik til fast forbindelse og afbrydelse af det faste instrument. Pumpen har en varmeisolator mellem d\u00e6kslet og trykkammeret for at reducere varmeeffekten under mikrotrykskalibreringen. Justeringsopl\u00f8sningen er op til 0,01 Pa (0,0001 mbar). Disse funktioner g\u00f8r LPCP ideel til kalibrering af tryktransducere, pr\u00e6cisionstryksgaser og andre trykinstrumenter.<\/p>\n","protected":false},"excerpt":{"rendered":"<p>Model LPCP lavtryks kalibrerings pumpe er en lav lufttryk kilde med evnen til nemt at justere og stabilisere. Denne h\u00e5ndpumpe har et trykomr\u00e5de p\u00e5 \u00b1 5,8 psi; bruger luft som&#8230;<\/p>\n","protected":false},"featured_media":611,"template":"","meta":{"_acf_changed":false,"_nectar_blocks_hide_post_title":false,"_nectar_blocks_transparent_header_effect":false,"_nectar_blocks_transparent_header_effect_color":"light","_nectar_blocks_header_animation":false,"_nectar_blocks_header_animation_delay":0,"_nectar_blocks_header_animation_effect":"fade","_nectar_blocks_page_css":"","_nectar_blocks_page_js":""},"brancher":[444,471,598],"leverandorer":[332],"produkt_kategorier":[412,427],"produktomraader":[537],"product_brand":[],"product_cat":[],"product_tag":[],"class_list":{"0":"post-2072","1":"product","2":"type-product","3":"status-publish","4":"has-post-thumbnail","6":"brancher-industri-en","7":"brancher-foodpharma-en","8":"brancher-ventilation-en","9":"leverandorer-dwyer-en","10":"produkt_kategorier-tryk-en","11":"produkt_kategorier-pumps","12":"produktomraader-handheld-instruments","14":"first","15":"instock","16":"shipping-taxable","17":"product-type-simple"},"acf":[],"_links":{"self":[{"href":"https:\/\/summit.dk\/en\/wp-json\/wp\/v2\/product\/2072","targetHints":{"allow":["GET"]}}],"collection":[{"href":"https:\/\/summit.dk\/en\/wp-json\/wp\/v2\/product"}],"about":[{"href":"https:\/\/summit.dk\/en\/wp-json\/wp\/v2\/types\/product"}],"wp:featuredmedia":[{"embeddable":true,"href":"https:\/\/summit.dk\/en\/wp-json\/wp\/v2\/media\/611"}],"wp:attachment":[{"href":"https:\/\/summit.dk\/en\/wp-json\/wp\/v2\/media?parent=2072"}],"wp:term":[{"taxonomy":"brancher","embeddable":true,"href":"https:\/\/summit.dk\/en\/wp-json\/wp\/v2\/brancher?post=2072"},{"taxonomy":"leverandorer","embeddable":true,"href":"https:\/\/summit.dk\/en\/wp-json\/wp\/v2\/leverandorer?post=2072"},{"taxonomy":"produkt_kategorier","embeddable":true,"href":"https:\/\/summit.dk\/en\/wp-json\/wp\/v2\/produkt_kategorier?post=2072"},{"taxonomy":"produktomraader","embeddable":true,"href":"https:\/\/summit.dk\/en\/wp-json\/wp\/v2\/produktomraader?post=2072"},{"taxonomy":"product_brand","embeddable":true,"href":"https:\/\/summit.dk\/en\/wp-json\/wp\/v2\/product_brand?post=2072"},{"taxonomy":"product_cat","embeddable":true,"href":"https:\/\/summit.dk\/en\/wp-json\/wp\/v2\/product_cat?post=2072"},{"taxonomy":"product_tag","embeddable":true,"href":"https:\/\/summit.dk\/en\/wp-json\/wp\/v2\/product_tag?post=2072"}],"curies":[{"name":"wp","href":"https:\/\/api.w.org\/{rel}","templated":true}]}}