{"id":2070,"date":"2019-09-18T17:54:31","date_gmt":"2019-09-18T17:54:31","guid":{"rendered":"https:\/\/summit.dk\/produkter\/model-aqh-20-handheld-indoor-air-quality-meter-2\/"},"modified":"2019-10-29T13:55:18","modified_gmt":"2019-10-29T13:55:18","slug":"model-aqh-20-handheld-indoor-air-quality-meter-2","status":"publish","type":"product","link":"https:\/\/summit.dk\/en\/vare\/model-aqh-20-handheld-indoor-air-quality-meter-2\/","title":{"rendered":"Model AQH-20 H\u00e5ndholdt, Indend\u00f8rs luftkvalitets m\u00e5ling"},"content":{"rendered":"<p>Model AQH-20 Indoor Air Quality Meter reducerer antallet af instrumenter en entrepren\u00f8r skal b\u00e6re ved at m\u00e5le koncentrationen af \u200b\u200bcarbondioxid, luft og temperatur i en enhed.<\/p>\n<p>En stor baggrundsbelyst LCD-sk\u00e6rm viser alle tre parametre samtidigt. Mindste, maksimale og gennemsnitlige afl\u00e6sninger er let tilg\u00e6ngelige via funktionsknapperne. Ved at trykke p\u00e5 hold tasten holdes de aktuelle v\u00e6rdier, s\u00e5 de kan optages. En akustisk alarm advarer brugeren om, at de aktuelle omgivelsesforhold bliver farlige. Model AQH-20 indeholder en h\u00e5rd taske og batterier.<\/p>\n","protected":false},"excerpt":{"rendered":"<p>Model AQH-20 Indoor Air Quality Meter reducerer antallet af instrumenter en entrepren\u00f8r skal b\u00e6re ved at m\u00e5le koncentrationen af \u200b\u200bcarbondioxid, luft og temperatur i en enhed. En stor baggrundsbelyst LCD-sk\u00e6rm&#8230;<\/p>\n","protected":false},"featured_media":601,"template":"","meta":{"_acf_changed":false,"_nectar_blocks_hide_post_title":false,"_nectar_blocks_transparent_header_effect":false,"_nectar_blocks_transparent_header_effect_color":"light","_nectar_blocks_header_animation":false,"_nectar_blocks_header_animation_delay":0,"_nectar_blocks_header_animation_effect":"fade","_nectar_blocks_page_css":"","_nectar_blocks_page_js":""},"brancher":[444,471,598],"leverandorer":[332],"produkt_kategorier":[428],"produktomraader":[537],"product_brand":[],"product_cat":[],"product_tag":[],"class_list":{"0":"post-2070","1":"product","2":"type-product","3":"status-publish","4":"has-post-thumbnail","6":"brancher-industri-en","7":"brancher-foodpharma-en","8":"brancher-ventilation-en","9":"leverandorer-dwyer-en","10":"produkt_kategorier-handheld-instruments","11":"produktomraader-handheld-instruments","13":"first","14":"instock","15":"shipping-taxable","16":"product-type-simple"},"acf":[],"_links":{"self":[{"href":"https:\/\/summit.dk\/en\/wp-json\/wp\/v2\/product\/2070","targetHints":{"allow":["GET"]}}],"collection":[{"href":"https:\/\/summit.dk\/en\/wp-json\/wp\/v2\/product"}],"about":[{"href":"https:\/\/summit.dk\/en\/wp-json\/wp\/v2\/types\/product"}],"wp:featuredmedia":[{"embeddable":true,"href":"https:\/\/summit.dk\/en\/wp-json\/wp\/v2\/media\/601"}],"wp:attachment":[{"href":"https:\/\/summit.dk\/en\/wp-json\/wp\/v2\/media?parent=2070"}],"wp:term":[{"taxonomy":"brancher","embeddable":true,"href":"https:\/\/summit.dk\/en\/wp-json\/wp\/v2\/brancher?post=2070"},{"taxonomy":"leverandorer","embeddable":true,"href":"https:\/\/summit.dk\/en\/wp-json\/wp\/v2\/leverandorer?post=2070"},{"taxonomy":"produkt_kategorier","embeddable":true,"href":"https:\/\/summit.dk\/en\/wp-json\/wp\/v2\/produkt_kategorier?post=2070"},{"taxonomy":"produktomraader","embeddable":true,"href":"https:\/\/summit.dk\/en\/wp-json\/wp\/v2\/produktomraader?post=2070"},{"taxonomy":"product_brand","embeddable":true,"href":"https:\/\/summit.dk\/en\/wp-json\/wp\/v2\/product_brand?post=2070"},{"taxonomy":"product_cat","embeddable":true,"href":"https:\/\/summit.dk\/en\/wp-json\/wp\/v2\/product_cat?post=2070"},{"taxonomy":"product_tag","embeddable":true,"href":"https:\/\/summit.dk\/en\/wp-json\/wp\/v2\/product_tag?post=2070"}],"curies":[{"name":"wp","href":"https:\/\/api.w.org\/{rel}","templated":true}]}}