{"id":2069,"date":"2019-09-18T17:50:32","date_gmt":"2019-09-18T17:50:32","guid":{"rendered":"https:\/\/summit.dk\/produkter\/model-480-vaneometer-2\/"},"modified":"2019-10-29T13:54:35","modified_gmt":"2019-10-29T13:54:35","slug":"model-480-vaneometer-2","status":"publish","type":"product","link":"https:\/\/summit.dk\/en\/vare\/model-480-vaneometer-2\/","title":{"rendered":"Model 480 Vaneometer"},"content":{"rendered":"<p><span lang=\"da\">Model 480 Vaneometer \u2122 Swing Vane er et holdbart billigt instrument specielt designet til at forenkle m\u00e5ling af lave lufthastigheder fra 25 til 400 fod i minuttet.<\/span><\/p>\n<p><span lang=\"da\"> OSHA, EPA og andre krav til spr\u00f8jtekabiner og i r\u00f8g, st\u00f8v, emh\u00e6tter samt sikkerheds ventilation kan nu hurtigt kontrolleres, selv af uuddannet personale. Dens lille st\u00f8rrelse og lette v\u00e6gt &#8211; kun fire ounce g\u00f8r den ideel til at b\u00e6re fra \u00e9n arbejdsstation til en anden. <\/span><\/p>\n<p><span lang=\"da\">Det alsidige st\u00e5l monterings beslag til l\u00f8bende overv\u00e5gning er ogs\u00e5 inkluderet.<\/span><\/p>\n<p><span lang=\"da\">Vaneometer \u2122 Swing Vane Anemometer er n\u00f8jagtighed p\u00e5 \u00b1 5 % af fuld skala til 100 FPM og \u00b1 10% fra 100 FPM til toppen af \u200b\u200bskalaen. Det har et vaterpas for at sikre n\u00f8jagtige m\u00e5linger og de store skalaer er let at l\u00e6se og synlig fra begge sider. Huset er st\u00f8bt fra h\u00e5rd ABS plast og let at reng\u00f8re med vand og s\u00e6be. <\/span><\/p>\n<p><span lang=\"da\">Polyesteren vinge kan reng\u00f8res med lak tyndere. En reservedels vinge er til r\u00e5dighed.<\/span><\/p>\n<div class=\"tw-swapa\"><span lang=\"da\">Brug en Vaneometer \u2122 Swing Vane Anemometer til at m\u00e5le hastigheden af \u200b\u200bluftstr\u00f8mmen ind laboratorie stinkskabe og maling spr\u00f8jtekabiner at bestemme, hvorn\u00e5r du skal skifte filtre . Eller hvor n\u00f8dvendig for at opfylde OSHA standarder for ventilation til r\u00f8g, st\u00f8v eller r\u00f8g fjernelse.<\/span><\/div>\n","protected":false},"excerpt":{"rendered":"<p>Model 480 Vaneometer \u2122 Swing Vane er et holdbart billigt instrument specielt designet til at forenkle m\u00e5ling af lave lufthastigheder fra 25 til 400 fod i minuttet. OSHA, EPA og&#8230;<\/p>\n","protected":false},"featured_media":3418,"template":"","meta":{"_acf_changed":false,"_nectar_blocks_hide_post_title":false,"_nectar_blocks_transparent_header_effect":false,"_nectar_blocks_transparent_header_effect_color":"light","_nectar_blocks_header_animation":false,"_nectar_blocks_header_animation_delay":0,"_nectar_blocks_header_animation_effect":"fade","_nectar_blocks_page_css":"","_nectar_blocks_page_js":""},"brancher":[444,471,551,598],"leverandorer":[332],"produkt_kategorier":[413,416,430],"produktomraader":[545,566],"product_brand":[],"product_cat":[],"product_tag":[],"class_list":{"0":"post-2069","1":"product","2":"type-product","3":"status-publish","4":"has-post-thumbnail","6":"brancher-industri-en","7":"brancher-foodpharma-en","8":"brancher-offshore-petro-kemi","9":"brancher-ventilation-en","10":"leverandorer-dwyer-en","11":"produkt_kategorier-luftgas-en","12":"produkt_kategorier-air-quality","13":"produkt_kategorier-flow-en","14":"produktomraader-flow-en","15":"produktomraader-flow-maaling-en","17":"first","18":"instock","19":"shipping-taxable","20":"product-type-simple"},"acf":[],"_links":{"self":[{"href":"https:\/\/summit.dk\/en\/wp-json\/wp\/v2\/product\/2069","targetHints":{"allow":["GET"]}}],"collection":[{"href":"https:\/\/summit.dk\/en\/wp-json\/wp\/v2\/product"}],"about":[{"href":"https:\/\/summit.dk\/en\/wp-json\/wp\/v2\/types\/product"}],"wp:featuredmedia":[{"embeddable":true,"href":"https:\/\/summit.dk\/en\/wp-json\/wp\/v2\/media\/3418"}],"wp:attachment":[{"href":"https:\/\/summit.dk\/en\/wp-json\/wp\/v2\/media?parent=2069"}],"wp:term":[{"taxonomy":"brancher","embeddable":true,"href":"https:\/\/summit.dk\/en\/wp-json\/wp\/v2\/brancher?post=2069"},{"taxonomy":"leverandorer","embeddable":true,"href":"https:\/\/summit.dk\/en\/wp-json\/wp\/v2\/leverandorer?post=2069"},{"taxonomy":"produkt_kategorier","embeddable":true,"href":"https:\/\/summit.dk\/en\/wp-json\/wp\/v2\/produkt_kategorier?post=2069"},{"taxonomy":"produktomraader","embeddable":true,"href":"https:\/\/summit.dk\/en\/wp-json\/wp\/v2\/produktomraader?post=2069"},{"taxonomy":"product_brand","embeddable":true,"href":"https:\/\/summit.dk\/en\/wp-json\/wp\/v2\/product_brand?post=2069"},{"taxonomy":"product_cat","embeddable":true,"href":"https:\/\/summit.dk\/en\/wp-json\/wp\/v2\/product_cat?post=2069"},{"taxonomy":"product_tag","embeddable":true,"href":"https:\/\/summit.dk\/en\/wp-json\/wp\/v2\/product_tag?post=2069"}],"curies":[{"name":"wp","href":"https:\/\/api.w.org\/{rel}","templated":true}]}}