{"id":1769,"date":"2013-02-23T00:00:00","date_gmt":"2013-02-23T00:00:00","guid":{"rendered":"https:\/\/summit.dk\/produkter\/magnehelic-differential-pressure-gages\/"},"modified":"2019-10-29T13:50:22","modified_gmt":"2019-10-29T13:50:22","slug":"magnehelic-differential-pressure-gages","status":"publish","type":"product","link":"https:\/\/summit.dk\/en\/vare\/magnehelic-differential-pressure-gages\/","title":{"rendered":"Dwyer Magnehelic"},"content":{"rendered":"<p>Dwyer Magnehelic gage<\/p>\n<p>Differenstryk manometer til m\u00e5ling over filtre, bl\u00e6sere og sluser.<\/p>\n<p>Dwyer Magnehelic manometer er opbygget med et enkelt friktionsl\u00f8st detekteringssystem som hurtigt indikerer lave luft- eller korrosive gastryk \u2013 enten positiv, negativ (vakuum) eller differenstryk.<\/p>\n<p>Manometret er udformet s\u00e5ledes at det modst\u00e5r st\u00f8d, vibrationer og v\u00e6sentlige overtryk.<\/p>\n<p>Dwyer Magnehelic Gage er blevet branchens ikon til m\u00e5ling af tryk, differenstryk, filteroverv\u00e5gning, lufthastighed, trykfald over m\u00e5lebl\u00e6nder og modtryk i boblesystemer.<\/p>\n<p>Her er ingen manometerolie som fordamper, fryser til eller for\u00e5rsager korrosion.<\/p>\n<p>T\u00e5ler de fleste luftarter og gasser. Leveres i 81 forskellige m\u00e5leomr\u00e5der \u2013 Fra 0-60 Pa, og op til 0-30 kPa.<\/p>\n<h3>N\u00f8jagtighed<\/h3>\n<p>Angiver positiv, negativ eller differentieltryk, med n\u00f8jagtig inden for 1%<\/p>\n<p><strong>Bem\u00e6rk:<\/strong> Kan anvendes med brint. Bestil med Buna-N membran. Tryk skal v\u00e6re mindre end 35 psi.<\/p>\n<p><iframe loading=\"lazy\" title=\"Dwyer Product Tutorial: Magnehelic Pressure Gauge: Hang, Flush, and Enclosure\" width=\"1080\" height=\"608\" src=\"https:\/\/www.youtube.com\/embed\/sWJhyL0I0bo?feature=oembed\" frameborder=\"0\" allow=\"accelerometer; autoplay; clipboard-write; encrypted-media; gyroscope; picture-in-picture; web-share\" referrerpolicy=\"strict-origin-when-cross-origin\" allowfullscreen><\/iframe><\/p>\n<p style=\"text-align: left;\">\n","protected":false},"excerpt":{"rendered":"<p>Dwyer Magnehelic gage Differenstryk manometer til m\u00e5ling over filtre, bl\u00e6sere og sluser. Dwyer Magnehelic manometer er opbygget med et enkelt friktionsl\u00f8st detekteringssystem som hurtigt indikerer lave luft- eller korrosive gastryk&#8230;<\/p>\n","protected":false},"featured_media":170,"template":"","meta":{"_acf_changed":false,"_nectar_blocks_hide_post_title":false,"_nectar_blocks_transparent_header_effect":false,"_nectar_blocks_transparent_header_effect_color":"light","_nectar_blocks_header_animation":false,"_nectar_blocks_header_animation_delay":0,"_nectar_blocks_header_animation_effect":"fade","_nectar_blocks_page_css":"","_nectar_blocks_page_js":""},"brancher":[444,445,446,471,550,551,598],"leverandorer":[332],"produkt_kategorier":[412,414,429,436,437],"produktomraader":[539,586,587,589],"product_brand":[],"product_cat":[],"product_tag":[],"class_list":{"0":"post-1769","1":"product","2":"type-product","3":"status-publish","4":"has-post-thumbnail","6":"brancher-industri-en","7":"brancher-marine-en","8":"brancher-offshore-en","9":"brancher-foodpharma-en","10":"brancher-landbrug-en","11":"brancher-offshore-petro-kemi","12":"brancher-ventilation-en","13":"leverandorer-dwyer-en","14":"produkt_kategorier-tryk-en","15":"produkt_kategorier-hvac-komponenents","16":"produkt_kategorier-differential","17":"produkt_kategorier-magnehelic-en","18":"produkt_kategorier-products-for-ventilation","19":"produktomraader-pressure","20":"produktomraader-differenstryk-en","21":"produktomraader-gauge-trykmaaling-en","22":"produktomraader-rumtryk-en","24":"first","25":"instock","26":"shipping-taxable","27":"product-type-simple"},"acf":[],"_links":{"self":[{"href":"https:\/\/summit.dk\/en\/wp-json\/wp\/v2\/product\/1769","targetHints":{"allow":["GET"]}}],"collection":[{"href":"https:\/\/summit.dk\/en\/wp-json\/wp\/v2\/product"}],"about":[{"href":"https:\/\/summit.dk\/en\/wp-json\/wp\/v2\/types\/product"}],"wp:featuredmedia":[{"embeddable":true,"href":"https:\/\/summit.dk\/en\/wp-json\/wp\/v2\/media\/170"}],"wp:attachment":[{"href":"https:\/\/summit.dk\/en\/wp-json\/wp\/v2\/media?parent=1769"}],"wp:term":[{"taxonomy":"brancher","embeddable":true,"href":"https:\/\/summit.dk\/en\/wp-json\/wp\/v2\/brancher?post=1769"},{"taxonomy":"leverandorer","embeddable":true,"href":"https:\/\/summit.dk\/en\/wp-json\/wp\/v2\/leverandorer?post=1769"},{"taxonomy":"produkt_kategorier","embeddable":true,"href":"https:\/\/summit.dk\/en\/wp-json\/wp\/v2\/produkt_kategorier?post=1769"},{"taxonomy":"produktomraader","embeddable":true,"href":"https:\/\/summit.dk\/en\/wp-json\/wp\/v2\/produktomraader?post=1769"},{"taxonomy":"product_brand","embeddable":true,"href":"https:\/\/summit.dk\/en\/wp-json\/wp\/v2\/product_brand?post=1769"},{"taxonomy":"product_cat","embeddable":true,"href":"https:\/\/summit.dk\/en\/wp-json\/wp\/v2\/product_cat?post=1769"},{"taxonomy":"product_tag","embeddable":true,"href":"https:\/\/summit.dk\/en\/wp-json\/wp\/v2\/product_tag?post=1769"}],"curies":[{"name":"wp","href":"https:\/\/api.w.org\/{rel}","templated":true}]}}