{"id":1765,"date":"2013-02-23T00:00:00","date_gmt":"2013-02-23T00:00:00","guid":{"rendered":"https:\/\/summit.dk\/produkter\/density-measurement-lb-444\/"},"modified":"2019-10-29T13:48:54","modified_gmt":"2019-10-29T13:48:54","slug":"density-measurement-lb-444","status":"publish","type":"product","link":"https:\/\/summit.dk\/en\/vare\/density-measurement-lb-444\/","title":{"rendered":"Densitetsm\u00e5ling type LB 444"},"content":{"rendered":"<p>M\u00e5lesystemet LB 444 anvendes til m\u00e5ling af t\u00e6thed og koncentrationsm\u00e5linger af v\u00e6sker eller bulkmaterialer. Det er nemt at installere p\u00e5 eksisterende r\u00f8rledninger uden proces nedetid. Det radiometriske densitometer er vedligeholdelsesfrit og giver h\u00f8jeste driftssikkerhed. LB 444 er tilg\u00e6ngelig med dokumenteret 2-ledeteknologi.<\/p>\n<p>Den omfatter en topmoderne evalueringsenhed, som muligg\u00f8r en nem kalibrering og drift af m\u00e5lingen og kan ogs\u00e5 bruges som en lokal visning.<\/p>\n<h3>Densitetsm\u00e5ler type LB 444<\/h3>\n<p><strong>Producent:<\/strong> Berthold Technologies<br \/>\n<strong>M\u00e5leprincip:<\/strong> Radiometrisk<br \/>\n<strong>M\u00e5lested<\/strong>: Opsp\u00e6nding p\u00e5 r\u00f8r<br \/>\n<strong>Medie:<\/strong> Alle medier uanset temp. og trykforhold<br \/>\n<strong>M\u00e5leomr\u00e5de:<\/strong> I praksis fra 0,1 g\/cm3 som delta<br \/>\n<strong>N\u00f8jagtighed:<\/strong> \u00b1 1% af m\u00e5leomr\u00e5de<br \/>\n<strong>Udgang<\/strong>: 4\u202620 mA \u2013 ogs\u00e5 HART og BUS<\/p>\n","protected":false},"excerpt":{"rendered":"<p>M\u00e5lesystemet LB 444 anvendes til m\u00e5ling af t\u00e6thed og koncentrationsm\u00e5linger af v\u00e6sker eller bulkmaterialer. Det er nemt at installere p\u00e5 eksisterende r\u00f8rledninger uden proces nedetid. Det radiometriske densitometer er vedligeholdelsesfrit&#8230;<\/p>\n","protected":false},"featured_media":158,"template":"","meta":{"_acf_changed":false,"_nectar_blocks_hide_post_title":false,"_nectar_blocks_transparent_header_effect":false,"_nectar_blocks_transparent_header_effect_color":"light","_nectar_blocks_header_animation":false,"_nectar_blocks_header_animation_delay":0,"_nectar_blocks_header_animation_effect":"fade","_nectar_blocks_page_css":"","_nectar_blocks_page_js":""},"brancher":[444,445,446,471,550,551],"leverandorer":[397],"produkt_kategorier":[435],"produktomraader":[535,553],"product_brand":[],"product_cat":[],"product_tag":[],"class_list":{"0":"post-1765","1":"product","2":"type-product","3":"status-publish","4":"has-post-thumbnail","6":"brancher-industri-en","7":"brancher-marine-en","8":"brancher-offshore-en","9":"brancher-foodpharma-en","10":"brancher-landbrug-en","11":"brancher-offshore-petro-kemi","12":"leverandorer-berthold-technologies-gmbh-en","13":"produkt_kategorier-density-concentration-measurement","14":"produktomraader-analysis","15":"produktomraader-densitet-en","17":"first","18":"instock","19":"shipping-taxable","20":"product-type-simple"},"acf":[],"_links":{"self":[{"href":"https:\/\/summit.dk\/en\/wp-json\/wp\/v2\/product\/1765","targetHints":{"allow":["GET"]}}],"collection":[{"href":"https:\/\/summit.dk\/en\/wp-json\/wp\/v2\/product"}],"about":[{"href":"https:\/\/summit.dk\/en\/wp-json\/wp\/v2\/types\/product"}],"wp:featuredmedia":[{"embeddable":true,"href":"https:\/\/summit.dk\/en\/wp-json\/wp\/v2\/media\/158"}],"wp:attachment":[{"href":"https:\/\/summit.dk\/en\/wp-json\/wp\/v2\/media?parent=1765"}],"wp:term":[{"taxonomy":"brancher","embeddable":true,"href":"https:\/\/summit.dk\/en\/wp-json\/wp\/v2\/brancher?post=1765"},{"taxonomy":"leverandorer","embeddable":true,"href":"https:\/\/summit.dk\/en\/wp-json\/wp\/v2\/leverandorer?post=1765"},{"taxonomy":"produkt_kategorier","embeddable":true,"href":"https:\/\/summit.dk\/en\/wp-json\/wp\/v2\/produkt_kategorier?post=1765"},{"taxonomy":"produktomraader","embeddable":true,"href":"https:\/\/summit.dk\/en\/wp-json\/wp\/v2\/produktomraader?post=1765"},{"taxonomy":"product_brand","embeddable":true,"href":"https:\/\/summit.dk\/en\/wp-json\/wp\/v2\/product_brand?post=1765"},{"taxonomy":"product_cat","embeddable":true,"href":"https:\/\/summit.dk\/en\/wp-json\/wp\/v2\/product_cat?post=1765"},{"taxonomy":"product_tag","embeddable":true,"href":"https:\/\/summit.dk\/en\/wp-json\/wp\/v2\/product_tag?post=1765"}],"curies":[{"name":"wp","href":"https:\/\/api.w.org\/{rel}","templated":true}]}}