{"id":1763,"date":"2013-02-23T00:00:00","date_gmt":"2013-02-23T00:00:00","guid":{"rendered":"https:\/\/summit.dk\/produkter\/densitetsmaler-type-lb-379\/"},"modified":"2019-10-29T13:48:17","modified_gmt":"2019-10-29T13:48:17","slug":"densitetsmaler-type-lb-379","status":"publish","type":"product","link":"https:\/\/summit.dk\/en\/vare\/densitetsmaler-type-lb-379\/","title":{"rendered":"Densitetsm\u00e5ler type LB 379"},"content":{"rendered":"<p>LB 379 Inline Densitetsm\u00e5ler kombinerer den radioaktive kilde og detektoren i en enhed. Fordelen ved LB 379 er den ekstremt lave dosis, der faktisk f\u00f8rer til en licensfri drift i flere lande. P\u00e5 grund af sin lave str\u00e5lingsenergi anvendes en Am-241-kilde, hvis energi er sammenlignelig med r\u00f8ntgenstr\u00e5ling, og hvis halveringstid er omkring adskillige hundrede \u00e5r.<\/p>\n<p>LB 379 giver en h\u00f8j statistisk n\u00f8jagtighed og langsigtet stabilitet. Den er lavet af rustfrit st\u00e5l og er ogs\u00e5 tilg\u00e6ngelig med Teflonforing til slidbestandig drift for produkter med h\u00f8j viskositet og h\u00f8jt stoffindhold.<\/p>\n<h3><strong>Densitetsm\u00e5ler type LB 379<\/strong><\/h3>\n<p><strong>Producent<\/strong>: Berthold Technologies<br \/>\n<strong>M\u00e5leprincip:<\/strong> Radiometrisk<strong>M\u00e5lested<\/strong>: DN40 og DN65<br \/>\n<strong>Medie<\/strong>: Alle medier<br \/>\n<strong>M\u00e5leomr\u00e5de<\/strong>: I praksis fra 0,1 g\/cm3 som delta<br \/>\n<strong>N\u00f8jagtighed<\/strong>. Typisk \u00b1 1 % af m\u00e5leomr\u00e5de<br \/>\n<strong>Udgang<\/strong>: 4\u202620 mA<\/p>\n","protected":false},"excerpt":{"rendered":"<p>LB 379 Inline Densitetsm\u00e5ler kombinerer den radioaktive kilde og detektoren i en enhed. Fordelen ved LB 379 er den ekstremt lave dosis, der faktisk f\u00f8rer til en licensfri drift i&#8230;<\/p>\n","protected":false},"featured_media":166,"template":"","meta":{"_acf_changed":false,"_nectar_blocks_hide_post_title":false,"_nectar_blocks_transparent_header_effect":false,"_nectar_blocks_transparent_header_effect_color":"light","_nectar_blocks_header_animation":false,"_nectar_blocks_header_animation_delay":0,"_nectar_blocks_header_animation_effect":"fade","_nectar_blocks_page_css":"","_nectar_blocks_page_js":""},"brancher":[444,445,446,471,550,551],"leverandorer":[397],"produkt_kategorier":[435],"produktomraader":[],"product_brand":[],"product_cat":[],"product_tag":[],"class_list":{"0":"post-1763","1":"product","2":"type-product","3":"status-publish","4":"has-post-thumbnail","6":"brancher-industri-en","7":"brancher-marine-en","8":"brancher-offshore-en","9":"brancher-foodpharma-en","10":"brancher-landbrug-en","11":"brancher-offshore-petro-kemi","12":"leverandorer-berthold-technologies-gmbh-en","13":"produkt_kategorier-density-concentration-measurement","15":"first","16":"instock","17":"shipping-taxable","18":"product-type-simple"},"acf":[],"_links":{"self":[{"href":"https:\/\/summit.dk\/en\/wp-json\/wp\/v2\/product\/1763","targetHints":{"allow":["GET"]}}],"collection":[{"href":"https:\/\/summit.dk\/en\/wp-json\/wp\/v2\/product"}],"about":[{"href":"https:\/\/summit.dk\/en\/wp-json\/wp\/v2\/types\/product"}],"wp:featuredmedia":[{"embeddable":true,"href":"https:\/\/summit.dk\/en\/wp-json\/wp\/v2\/media\/166"}],"wp:attachment":[{"href":"https:\/\/summit.dk\/en\/wp-json\/wp\/v2\/media?parent=1763"}],"wp:term":[{"taxonomy":"brancher","embeddable":true,"href":"https:\/\/summit.dk\/en\/wp-json\/wp\/v2\/brancher?post=1763"},{"taxonomy":"leverandorer","embeddable":true,"href":"https:\/\/summit.dk\/en\/wp-json\/wp\/v2\/leverandorer?post=1763"},{"taxonomy":"produkt_kategorier","embeddable":true,"href":"https:\/\/summit.dk\/en\/wp-json\/wp\/v2\/produkt_kategorier?post=1763"},{"taxonomy":"produktomraader","embeddable":true,"href":"https:\/\/summit.dk\/en\/wp-json\/wp\/v2\/produktomraader?post=1763"},{"taxonomy":"product_brand","embeddable":true,"href":"https:\/\/summit.dk\/en\/wp-json\/wp\/v2\/product_brand?post=1763"},{"taxonomy":"product_cat","embeddable":true,"href":"https:\/\/summit.dk\/en\/wp-json\/wp\/v2\/product_cat?post=1763"},{"taxonomy":"product_tag","embeddable":true,"href":"https:\/\/summit.dk\/en\/wp-json\/wp\/v2\/product_tag?post=1763"}],"curies":[{"name":"wp","href":"https:\/\/api.w.org\/{rel}","templated":true}]}}