{"id":1762,"date":"2014-04-08T00:00:00","date_gmt":"2014-04-08T00:00:00","guid":{"rendered":"https:\/\/summit.dk\/produkter\/dwyer-series-v6-flow-switches\/"},"modified":"2019-10-29T13:50:43","modified_gmt":"2019-10-29T13:50:43","slug":"dwyer-series-v6-flow-switches","status":"publish","type":"product","link":"https:\/\/summit.dk\/en\/vare\/dwyer-series-v6-flow-switches\/","title":{"rendered":"Dwyer V6 Flowswitch"},"content":{"rendered":"<p>Flowswitch for v\u00e6ske eller gasser \u2013 SPDT eller DPDT \u2013 ATEX godkendt<br \/>\nFlow: se datablad<br \/>\nTilslutning 1\/2&#8243; NPT direkte i r\u00f8r eller T-stykke<br \/>\nPaddel i SS 301, hus i messing eller SS 303<br \/>\nTemp. \/ Tryk: 93 \u00b0C \/ 69 bar(messing) 138 bar (SS)<br \/>\nPassende for r\u00f8rst\u00f8rrelser fra 1\/2&#8243; til 2&#8243;<br \/>\nF\u00e5s ogs\u00e5 i en s\u00e5kaldt &#8220;Low flow version&#8221; f.eks. vand faldende flow \u00bd&#8221; r\u00f8r = 0,11 l\/min<\/p>\n<p><iframe loading=\"lazy\" src=\"https:\/\/www.youtube.com\/embed\/un6JMtUio8I?rel=0&amp;showinfo=0\" width=\"560\" height=\"315\" frameborder=\"0\" allowfullscreen=\"allowfullscreen\"><\/iframe><\/p>\n","protected":false},"excerpt":{"rendered":"<p>Flowswitch for v\u00e6ske eller gasser \u2013 SPDT eller DPDT \u2013 ATEX godkendt Flow: se datablad Tilslutning 1\/2&#8243; NPT direkte i r\u00f8r eller T-stykke Paddel i SS 301, hus i messing&#8230;<\/p>\n","protected":false},"featured_media":365,"template":"","meta":{"_acf_changed":false,"_nectar_blocks_hide_post_title":false,"_nectar_blocks_transparent_header_effect":false,"_nectar_blocks_transparent_header_effect_color":"light","_nectar_blocks_header_animation":false,"_nectar_blocks_header_animation_delay":0,"_nectar_blocks_header_animation_effect":"fade","_nectar_blocks_page_css":"","_nectar_blocks_page_js":""},"brancher":[443,444,445,446,550,551,598],"leverandorer":[332],"produkt_kategorier":[413,421,430,433],"produktomraader":[545,567],"product_brand":[],"product_cat":[],"product_tag":[],"class_list":{"0":"post-1762","1":"product","2":"type-product","3":"status-publish","4":"has-post-thumbnail","6":"brancher-hydraulic-en","7":"brancher-industri-en","8":"brancher-marine-en","9":"brancher-offshore-en","10":"brancher-landbrug-en","11":"brancher-offshore-petro-kemi","12":"brancher-ventilation-en","13":"leverandorer-dwyer-en","14":"produkt_kategorier-luftgas-en","15":"produkt_kategorier-liquid","16":"produkt_kategorier-flow-en","17":"produkt_kategorier-flow-switch","18":"produktomraader-flow-en","19":"produktomraader-flow-switch-en","21":"first","22":"instock","23":"shipping-taxable","24":"product-type-simple"},"acf":[],"_links":{"self":[{"href":"https:\/\/summit.dk\/en\/wp-json\/wp\/v2\/product\/1762","targetHints":{"allow":["GET"]}}],"collection":[{"href":"https:\/\/summit.dk\/en\/wp-json\/wp\/v2\/product"}],"about":[{"href":"https:\/\/summit.dk\/en\/wp-json\/wp\/v2\/types\/product"}],"wp:featuredmedia":[{"embeddable":true,"href":"https:\/\/summit.dk\/en\/wp-json\/wp\/v2\/media\/365"}],"wp:attachment":[{"href":"https:\/\/summit.dk\/en\/wp-json\/wp\/v2\/media?parent=1762"}],"wp:term":[{"taxonomy":"brancher","embeddable":true,"href":"https:\/\/summit.dk\/en\/wp-json\/wp\/v2\/brancher?post=1762"},{"taxonomy":"leverandorer","embeddable":true,"href":"https:\/\/summit.dk\/en\/wp-json\/wp\/v2\/leverandorer?post=1762"},{"taxonomy":"produkt_kategorier","embeddable":true,"href":"https:\/\/summit.dk\/en\/wp-json\/wp\/v2\/produkt_kategorier?post=1762"},{"taxonomy":"produktomraader","embeddable":true,"href":"https:\/\/summit.dk\/en\/wp-json\/wp\/v2\/produktomraader?post=1762"},{"taxonomy":"product_brand","embeddable":true,"href":"https:\/\/summit.dk\/en\/wp-json\/wp\/v2\/product_brand?post=1762"},{"taxonomy":"product_cat","embeddable":true,"href":"https:\/\/summit.dk\/en\/wp-json\/wp\/v2\/product_cat?post=1762"},{"taxonomy":"product_tag","embeddable":true,"href":"https:\/\/summit.dk\/en\/wp-json\/wp\/v2\/product_tag?post=1762"}],"curies":[{"name":"wp","href":"https:\/\/api.w.org\/{rel}","templated":true}]}}