{"id":1738,"date":"2013-02-23T00:00:00","date_gmt":"2013-02-23T00:00:00","guid":{"rendered":"https:\/\/summit.dk\/produkter\/series-rhp-w-wall-mount-moisture-measurement\/"},"modified":"2019-10-29T13:59:15","modified_gmt":"2019-10-29T13:59:15","slug":"series-rhp-w-wall-mount-moisture-measurement","status":"publish","type":"product","link":"https:\/\/summit.dk\/en\/vare\/series-rhp-w-wall-mount-moisture-measurement\/","title":{"rendered":"Relativ Fugtm\u00e5ling v\u00e6g &#8211; fra Dwyer"},"content":{"rendered":"<p>Relativ fugtm\u00e5ling fra vor leverand\u00f8r Dwyer &#8211; Serie RHP-W<br \/>\nFugtm\u00e5le omr\u00e5de: 0 to 100% RH.<br \/>\nTemperature Range: -40 \/ 60\u00b0C<br \/>\nUdgangssignal : 4-20mA eller 0-10Vdc<\/p>\n<p>Se flere produkter til <a href=\"https:\/\/summit.dk\/produkt-kategori\/fugtighedsmaaling\/\">fugtm\u00e5ling<\/a><\/p>\n","protected":false},"excerpt":{"rendered":"<p>Relativ fugtm\u00e5ling fra vor leverand\u00f8r Dwyer &#8211; Serie RHP-W Fugtm\u00e5le omr\u00e5de: 0 to 100% RH. Temperature Range: -40 \/ 60\u00b0C Udgangssignal : 4-20mA eller 0-10Vdc Se flere produkter til fugtm\u00e5ling<\/p>\n","protected":false},"featured_media":137,"template":"","meta":{"_acf_changed":false,"_nectar_blocks_hide_post_title":false,"_nectar_blocks_transparent_header_effect":false,"_nectar_blocks_transparent_header_effect_color":"light","_nectar_blocks_header_animation":false,"_nectar_blocks_header_animation_delay":0,"_nectar_blocks_header_animation_effect":"fade","_nectar_blocks_page_css":"","_nectar_blocks_page_js":""},"brancher":[444,445,446,471,598],"leverandorer":[332],"produkt_kategorier":[419,420],"produktomraader":[568,570],"product_brand":[],"product_cat":[],"product_tag":[],"class_list":{"0":"post-1738","1":"product","2":"type-product","3":"status-publish","4":"has-post-thumbnail","6":"brancher-industri-en","7":"brancher-marine-en","8":"brancher-offshore-en","9":"brancher-foodpharma-en","10":"brancher-ventilation-en","11":"leverandorer-dwyer-en","12":"produkt_kategorier-moisture-measurement","13":"produkt_kategorier-relative-humidity","14":"produktomraader-fugt-en","15":"produktomraader-relativ-fugtmaaling-en","17":"first","18":"instock","19":"shipping-taxable","20":"product-type-simple"},"acf":[],"_links":{"self":[{"href":"https:\/\/summit.dk\/en\/wp-json\/wp\/v2\/product\/1738","targetHints":{"allow":["GET"]}}],"collection":[{"href":"https:\/\/summit.dk\/en\/wp-json\/wp\/v2\/product"}],"about":[{"href":"https:\/\/summit.dk\/en\/wp-json\/wp\/v2\/types\/product"}],"wp:featuredmedia":[{"embeddable":true,"href":"https:\/\/summit.dk\/en\/wp-json\/wp\/v2\/media\/137"}],"wp:attachment":[{"href":"https:\/\/summit.dk\/en\/wp-json\/wp\/v2\/media?parent=1738"}],"wp:term":[{"taxonomy":"brancher","embeddable":true,"href":"https:\/\/summit.dk\/en\/wp-json\/wp\/v2\/brancher?post=1738"},{"taxonomy":"leverandorer","embeddable":true,"href":"https:\/\/summit.dk\/en\/wp-json\/wp\/v2\/leverandorer?post=1738"},{"taxonomy":"produkt_kategorier","embeddable":true,"href":"https:\/\/summit.dk\/en\/wp-json\/wp\/v2\/produkt_kategorier?post=1738"},{"taxonomy":"produktomraader","embeddable":true,"href":"https:\/\/summit.dk\/en\/wp-json\/wp\/v2\/produktomraader?post=1738"},{"taxonomy":"product_brand","embeddable":true,"href":"https:\/\/summit.dk\/en\/wp-json\/wp\/v2\/product_brand?post=1738"},{"taxonomy":"product_cat","embeddable":true,"href":"https:\/\/summit.dk\/en\/wp-json\/wp\/v2\/product_cat?post=1738"},{"taxonomy":"product_tag","embeddable":true,"href":"https:\/\/summit.dk\/en\/wp-json\/wp\/v2\/product_tag?post=1738"}],"curies":[{"name":"wp","href":"https:\/\/api.w.org\/{rel}","templated":true}]}}