{"id":1736,"date":"2013-02-22T00:00:00","date_gmt":"2013-02-22T00:00:00","guid":{"rendered":"https:\/\/summit.dk\/produkter\/cdt-carbon-dioxidetemperature-transmitter\/"},"modified":"2019-10-29T13:45:42","modified_gmt":"2019-10-29T13:45:42","slug":"cdt-carbon-dioxidetemperature-transmitter","status":"publish","type":"product","link":"https:\/\/summit.dk\/en\/vare\/cdt-carbon-dioxidetemperature-transmitter\/","title":{"rendered":"CO2 transmitter CDT"},"content":{"rendered":"<p><strong>Serie CDT CO<sub>2<\/sub><\/strong><\/p>\n<p>CDT CO<sub>2<\/sub> temperatur transmitter anvendes til overv\u00e5gning af CO<sub>2 <\/sub>koncentrationen og temperaturen i undervisningslokaler, kontorbygninger, hospitaler og andre indend\u00f8rs milj\u00f8er for at hj\u00e6lpe med at opn\u00e5 LEED \u00ae-certificering.<\/p>\n<p>For opn\u00e5else af h\u00f8jeste n\u00f8jagtighed og stabilitet, anvendes en infrar\u00f8d (NDIR) sensor der opererer som en singlebeam, double wave lenght. Desuden indeholder CDT sensoren en justeringsmulighed mod det barometriske tryk samt mulighed for at kalibrere m\u00e5leren p\u00e5 stedet.<\/p>\n<ul>\n<li>Single beam, Double wave lenght NDIR sensorer eliminerer drift der skyldes \u00e6ldning af lyskilden<\/li>\n<li>Service display anvendes som v\u00e6rkt\u00f8j for modeller uden LED display<\/li>\n<li>Kan leveres med display og rel\u00e6 udgang som mulighed<\/li>\n<\/ul>\n<p>Universelt udgangssignal til b\u00e5de kuldioxid og temperatur giver brugeren mulighed for at v\u00e6lge det \u00f8nskede udgangssignal (4-20 mA, 0-5 VDC eller 0-10 VDC)<\/p>\n<p>CDT sensoren tilbydes i 2 standard m\u00e5leomr\u00e5der: 0-2000 ppm eller 0-5000 ppm<\/p>\n<p>Til applikationer, der kr\u00e6ver visuel indikation kan instrumentet leveres med en integreret LCD-display<\/p>\n","protected":false},"excerpt":{"rendered":"<p>Serie CDT CO2 CDT CO2 temperatur transmitter anvendes til overv\u00e5gning af CO2 koncentrationen og temperaturen i undervisningslokaler, kontorbygninger, hospitaler og andre indend\u00f8rs milj\u00f8er for at hj\u00e6lpe med at opn\u00e5 LEED&#8230;<\/p>\n","protected":false},"featured_media":107,"template":"","meta":{"_acf_changed":false,"_nectar_blocks_hide_post_title":false,"_nectar_blocks_transparent_header_effect":false,"_nectar_blocks_transparent_header_effect_color":"light","_nectar_blocks_header_animation":false,"_nectar_blocks_header_animation_delay":0,"_nectar_blocks_header_animation_effect":"fade","_nectar_blocks_page_css":"","_nectar_blocks_page_js":""},"brancher":[444,598],"leverandorer":[332],"produkt_kategorier":[414,416,417],"produktomraader":[547,572],"product_brand":[],"product_cat":[],"product_tag":[],"class_list":{"0":"post-1736","1":"product","2":"type-product","3":"status-publish","4":"has-post-thumbnail","6":"brancher-industri-en","7":"brancher-ventilation-en","8":"leverandorer-dwyer-en","9":"produkt_kategorier-hvac-komponenents","10":"produkt_kategorier-air-quality","11":"produkt_kategorier-co2-measurement","12":"produktomraader-gas-en","13":"produktomraader-co2-en","15":"first","16":"instock","17":"shipping-taxable","18":"product-type-simple"},"acf":[],"_links":{"self":[{"href":"https:\/\/summit.dk\/en\/wp-json\/wp\/v2\/product\/1736","targetHints":{"allow":["GET"]}}],"collection":[{"href":"https:\/\/summit.dk\/en\/wp-json\/wp\/v2\/product"}],"about":[{"href":"https:\/\/summit.dk\/en\/wp-json\/wp\/v2\/types\/product"}],"wp:featuredmedia":[{"embeddable":true,"href":"https:\/\/summit.dk\/en\/wp-json\/wp\/v2\/media\/107"}],"wp:attachment":[{"href":"https:\/\/summit.dk\/en\/wp-json\/wp\/v2\/media?parent=1736"}],"wp:term":[{"taxonomy":"brancher","embeddable":true,"href":"https:\/\/summit.dk\/en\/wp-json\/wp\/v2\/brancher?post=1736"},{"taxonomy":"leverandorer","embeddable":true,"href":"https:\/\/summit.dk\/en\/wp-json\/wp\/v2\/leverandorer?post=1736"},{"taxonomy":"produkt_kategorier","embeddable":true,"href":"https:\/\/summit.dk\/en\/wp-json\/wp\/v2\/produkt_kategorier?post=1736"},{"taxonomy":"produktomraader","embeddable":true,"href":"https:\/\/summit.dk\/en\/wp-json\/wp\/v2\/produktomraader?post=1736"},{"taxonomy":"product_brand","embeddable":true,"href":"https:\/\/summit.dk\/en\/wp-json\/wp\/v2\/product_brand?post=1736"},{"taxonomy":"product_cat","embeddable":true,"href":"https:\/\/summit.dk\/en\/wp-json\/wp\/v2\/product_cat?post=1736"},{"taxonomy":"product_tag","embeddable":true,"href":"https:\/\/summit.dk\/en\/wp-json\/wp\/v2\/product_tag?post=1736"}],"curies":[{"name":"wp","href":"https:\/\/api.w.org\/{rel}","templated":true}]}}