{"id":1734,"date":"2015-11-26T00:00:00","date_gmt":"2015-11-26T00:00:00","guid":{"rendered":"https:\/\/summit.dk\/produkter\/serie-dpgabdpgwb-pressure-measurement\/"},"modified":"2019-10-29T14:00:58","modified_gmt":"2019-10-29T14:00:58","slug":"serie-dpgabdpgwb-pressure-measurement","status":"publish","type":"product","link":"https:\/\/summit.dk\/en\/vare\/serie-dpgabdpgwb-pressure-measurement\/","title":{"rendered":"SERIE-DPGAB\/DPGWB Tryk M\u00e5ling"},"content":{"rendered":"<p><span lang=\"da\">Serien DPGWB \/ DPGAB tryk gauges tilbyder 0,5 % fuld skala n\u00f8jagtighed i en robust, nem at bruge enheden til priser sammenlignes med mekaniske gauges . Den DPGWB rustfrit st\u00e5l fugtet materiale g\u00f8r den velegnet til en bred vifte af v\u00e6sker eller gasser . Skabelonerne har brugervalgte m\u00e5leenheder tillader en gage , der skal anvendes til en r\u00e6kke forskellige tryk skalaer . <\/span><\/p>\n","protected":false},"excerpt":{"rendered":"<p>Serien DPGWB \/ DPGAB tryk gauges tilbyder 0,5 % fuld skala n\u00f8jagtighed i en robust, nem at bruge enheden til priser sammenlignes med mekaniske gauges . Den DPGWB rustfrit st\u00e5l&#8230;<\/p>\n","protected":false},"featured_media":473,"template":"","meta":{"_acf_changed":false,"_nectar_blocks_hide_post_title":false,"_nectar_blocks_transparent_header_effect":false,"_nectar_blocks_transparent_header_effect_color":"light","_nectar_blocks_header_animation":false,"_nectar_blocks_header_animation_delay":0,"_nectar_blocks_header_animation_effect":"fade","_nectar_blocks_page_css":"","_nectar_blocks_page_js":""},"brancher":[443,444,445,446,471,550,551,598],"leverandorer":[332],"produkt_kategorier":[412,413,414,430],"produktomraader":[],"product_brand":[],"product_cat":[],"product_tag":[],"class_list":{"0":"post-1734","1":"product","2":"type-product","3":"status-publish","4":"has-post-thumbnail","6":"brancher-hydraulic-en","7":"brancher-industri-en","8":"brancher-marine-en","9":"brancher-offshore-en","10":"brancher-foodpharma-en","11":"brancher-landbrug-en","12":"brancher-offshore-petro-kemi","13":"brancher-ventilation-en","14":"leverandorer-dwyer-en","15":"produkt_kategorier-tryk-en","16":"produkt_kategorier-luftgas-en","17":"produkt_kategorier-hvac-komponenents","18":"produkt_kategorier-flow-en","20":"first","21":"instock","22":"shipping-taxable","23":"product-type-simple"},"acf":[],"_links":{"self":[{"href":"https:\/\/summit.dk\/en\/wp-json\/wp\/v2\/product\/1734","targetHints":{"allow":["GET"]}}],"collection":[{"href":"https:\/\/summit.dk\/en\/wp-json\/wp\/v2\/product"}],"about":[{"href":"https:\/\/summit.dk\/en\/wp-json\/wp\/v2\/types\/product"}],"wp:featuredmedia":[{"embeddable":true,"href":"https:\/\/summit.dk\/en\/wp-json\/wp\/v2\/media\/473"}],"wp:attachment":[{"href":"https:\/\/summit.dk\/en\/wp-json\/wp\/v2\/media?parent=1734"}],"wp:term":[{"taxonomy":"brancher","embeddable":true,"href":"https:\/\/summit.dk\/en\/wp-json\/wp\/v2\/brancher?post=1734"},{"taxonomy":"leverandorer","embeddable":true,"href":"https:\/\/summit.dk\/en\/wp-json\/wp\/v2\/leverandorer?post=1734"},{"taxonomy":"produkt_kategorier","embeddable":true,"href":"https:\/\/summit.dk\/en\/wp-json\/wp\/v2\/produkt_kategorier?post=1734"},{"taxonomy":"produktomraader","embeddable":true,"href":"https:\/\/summit.dk\/en\/wp-json\/wp\/v2\/produktomraader?post=1734"},{"taxonomy":"product_brand","embeddable":true,"href":"https:\/\/summit.dk\/en\/wp-json\/wp\/v2\/product_brand?post=1734"},{"taxonomy":"product_cat","embeddable":true,"href":"https:\/\/summit.dk\/en\/wp-json\/wp\/v2\/product_cat?post=1734"},{"taxonomy":"product_tag","embeddable":true,"href":"https:\/\/summit.dk\/en\/wp-json\/wp\/v2\/product_tag?post=1734"}],"curies":[{"name":"wp","href":"https:\/\/api.w.org\/{rel}","templated":true}]}}